{"id":10914,"date":"2026-03-13T14:23:02","date_gmt":"2026-03-13T12:23:02","guid":{"rendered":"https:\/\/www3.blomqvistplantskola.com\/?post_type=product&#038;p=10914"},"modified":"2026-03-17T13:56:45","modified_gmt":"2026-03-17T11:56:45","slug":"hortensia-p9hydrangea-paniculata-polar-bear","status":"publish","type":"product","link":"https:\/\/www3.blomqvistplantskola.com\/fi\/product\/hortensia-p9hydrangea-paniculata-polar-bear\/","title":{"rendered":"<b>Hortensia P9<\/b><br>Hydrangea paniculata `Polar Bear\u00b4"},"content":{"rendered":"<p>Kevyttaimi 9 cm:n ruukussa.<\/p>","protected":false},"excerpt":{"rendered":"<p>Valtavat, pitsim\u00e4iset kukat, jotka aluksi ovat lime-valkoiset, mutta muuttuvat nopeasti valkoisiksi. Kun pensaan n\u00e4kee, ymm\u00e4rt\u00e4\u00e4 nimen \"J\u00e4\u00e4karhu\". Vahvat oksat pit\u00e4v\u00e4t ylh\u00e4\u00e4ll\u00e4 suuria kukkia, joista saa nauttia pitk\u00e4lle syksyyn. Kaunein aurinkoisella paikalla, ja kun maan pH on matala.<\/p>\n<p><strong>Vy\u00f6hyke: <\/strong>FI 1-4. SE 1-5.<br \/>\n<strong>Korkeus: <\/strong>1-1,5 m<\/p>\n<p>&nbsp;<\/p>\n<p><span style=\"font-family: Arial, serif;\"><span style=\"font-size: medium;\">\u00a0<\/span><\/span><\/p>","protected":false},"featured_media":0,"template":"","meta":[],"product_brand":[],"product_cat":[253],"product_tag":[],"class_list":{"0":"post-10914","1":"product","2":"type-product","3":"status-publish","5":"product_cat-prydnadsbuskar","6":"product_shipping_class-postpaket","8":"first","9":"instock","10":"taxable","11":"shipping-taxable","12":"purchasable","13":"product-type-simple"},"_links":{"self":[{"href":"https:\/\/www3.blomqvistplantskola.com\/fi\/wp-json\/wp\/v2\/product\/10914","targetHints":{"allow":["GET"]}}],"collection":[{"href":"https:\/\/www3.blomqvistplantskola.com\/fi\/wp-json\/wp\/v2\/product"}],"about":[{"href":"https:\/\/www3.blomqvistplantskola.com\/fi\/wp-json\/wp\/v2\/types\/product"}],"wp:attachment":[{"href":"https:\/\/www3.blomqvistplantskola.com\/fi\/wp-json\/wp\/v2\/media?parent=10914"}],"wp:term":[{"taxonomy":"product_brand","embeddable":true,"href":"https:\/\/www3.blomqvistplantskola.com\/fi\/wp-json\/wp\/v2\/product_brand?post=10914"},{"taxonomy":"product_cat","embeddable":true,"href":"https:\/\/www3.blomqvistplantskola.com\/fi\/wp-json\/wp\/v2\/product_cat?post=10914"},{"taxonomy":"product_tag","embeddable":true,"href":"https:\/\/www3.blomqvistplantskola.com\/fi\/wp-json\/wp\/v2\/product_tag?post=10914"}],"curies":[{"name":"wp","href":"https:\/\/api.w.org\/{rel}","templated":true}]}}