{"id":10915,"date":"2026-03-13T14:23:02","date_gmt":"2026-03-13T12:23:02","guid":{"rendered":"https:\/\/www3.blomqvistplantskola.com\/?post_type=product&#038;p=10915"},"modified":"2026-04-13T20:52:24","modified_gmt":"2026-04-13T18:52:24","slug":"hortensiahydrangea-paniculata-polestar-2","status":"publish","type":"product","link":"https:\/\/www3.blomqvistplantskola.com\/fi\/product\/hortensiahydrangea-paniculata-polestar-2\/","title":{"rendered":"<b>Hortensia<\/b><br>Hydrangea paniculata `Polestar\u00b4"},"content":{"rendered":"<p>Kevyttaimi 9 cm:n ruukussa.<\/p>","protected":false},"excerpt":{"rendered":"<p>Fantastiskt rikblommande och vackert sm\u00e5v\u00e4xt hortensia. Passar utm\u00e4rkt som krukodlad eller i buskplanteringar. B\u00f6rjar blomma tidigare \u00e4n de flesta andra sorters vipphortensia. De limegr\u00f6na blommen \u00f6verg\u00e5r f\u00f6rst till en vacker rosanyans, f\u00f6r att mot h\u00f6sten bli rosar\u00f6d. Blomklasarna st\u00e5r l\u00e4nge under h\u00f6sten innan de torkar och ger en fin vintersiluett. Vackrast p\u00e5 solig plats med l\u00e5gt pH i mullrik jorden.<\/p>\n<p><strong>Vy\u00f6hyke: <\/strong>FI 1-3(4). SE 1-4(5).<br \/>\n<strong>Korkeus: <\/strong>0,4 &#8211; 0,5 m<\/p>\n<p>&nbsp;<\/p>\n<p><span style=\"font-family: Arial, serif;\"><span style=\"font-size: medium;\">\u00a0<\/span><\/span><\/p>","protected":false},"featured_media":0,"template":"","meta":[],"product_brand":[],"product_cat":[253],"product_tag":[],"class_list":{"0":"post-10915","1":"product","2":"type-product","3":"status-publish","5":"product_cat-prydnadsbuskar","6":"product_shipping_class-postpaket","8":"first","9":"instock","10":"taxable","11":"shipping-taxable","12":"purchasable","13":"product-type-simple"},"_links":{"self":[{"href":"https:\/\/www3.blomqvistplantskola.com\/fi\/wp-json\/wp\/v2\/product\/10915","targetHints":{"allow":["GET"]}}],"collection":[{"href":"https:\/\/www3.blomqvistplantskola.com\/fi\/wp-json\/wp\/v2\/product"}],"about":[{"href":"https:\/\/www3.blomqvistplantskola.com\/fi\/wp-json\/wp\/v2\/types\/product"}],"wp:attachment":[{"href":"https:\/\/www3.blomqvistplantskola.com\/fi\/wp-json\/wp\/v2\/media?parent=10915"}],"wp:term":[{"taxonomy":"product_brand","embeddable":true,"href":"https:\/\/www3.blomqvistplantskola.com\/fi\/wp-json\/wp\/v2\/product_brand?post=10915"},{"taxonomy":"product_cat","embeddable":true,"href":"https:\/\/www3.blomqvistplantskola.com\/fi\/wp-json\/wp\/v2\/product_cat?post=10915"},{"taxonomy":"product_tag","embeddable":true,"href":"https:\/\/www3.blomqvistplantskola.com\/fi\/wp-json\/wp\/v2\/product_tag?post=10915"}],"curies":[{"name":"wp","href":"https:\/\/api.w.org\/{rel}","templated":true}]}}