{"id":10916,"date":"2026-03-13T14:07:32","date_gmt":"2026-03-13T12:07:32","guid":{"rendered":"https:\/\/www3.blomqvistplantskola.com\/?post_type=product&#038;p=10916"},"modified":"2026-04-21T13:44:22","modified_gmt":"2026-04-21T11:44:22","slug":"hallon-rubus-idaeus-twotimer-sugana-red","status":"publish","type":"product","link":"https:\/\/www3.blomqvistplantskola.com\/fi\/product\/hallon-rubus-idaeus-twotimer-sugana-red\/","title":{"rendered":"<b>Vadelma <\/b><br>Rubus idaeus `Twotimer Sugana Red\u00b4"},"content":{"rendered":"<p>Taimi 1,5-2 litran ruukussa.<\/p>","protected":false},"excerpt":{"rendered":"<p>Punaisia, hyvi\u00e4 marjoja muodostuu maan etel\u00e4osissa sek\u00e4 viime vuoden versoihin ett\u00e4 kev\u00e4\u00e4n uusiin versoihin = kes\u00e4- ja syysvadelma samassa taimessa. Pohjoisemmissa osissa saa varautua siihen, etteiv\u00e4t uudet versot ehdi kypsytt\u00e4\u00e4 marjoja ennen pakkasia. Runsassatoinen. Marjat ovat suuria, makeita ja soveltuvat erinomaisesti tuoremarjaksi, mutta my\u00f6s mehuihin ja hilloihin. Sopii my\u00f6s ruukkuviljelyyn.<\/p>\n<p><strong>Vy\u00f6hyke: <\/strong>FI 1-3(4). SE 1-4(5).<br \/>\n<strong>Korkeus:<\/strong> 1,5-2,5 m<\/p>","protected":false},"featured_media":0,"template":"","meta":[],"product_brand":[],"product_cat":[248],"product_tag":[],"class_list":{"0":"post-10916","1":"product","2":"type-product","3":"status-publish","5":"product_cat-barvaxter","6":"product_shipping_class-postpaket","8":"first","9":"instock","10":"taxable","11":"shipping-taxable","12":"purchasable","13":"product-type-simple"},"_links":{"self":[{"href":"https:\/\/www3.blomqvistplantskola.com\/fi\/wp-json\/wp\/v2\/product\/10916","targetHints":{"allow":["GET"]}}],"collection":[{"href":"https:\/\/www3.blomqvistplantskola.com\/fi\/wp-json\/wp\/v2\/product"}],"about":[{"href":"https:\/\/www3.blomqvistplantskola.com\/fi\/wp-json\/wp\/v2\/types\/product"}],"wp:attachment":[{"href":"https:\/\/www3.blomqvistplantskola.com\/fi\/wp-json\/wp\/v2\/media?parent=10916"}],"wp:term":[{"taxonomy":"product_brand","embeddable":true,"href":"https:\/\/www3.blomqvistplantskola.com\/fi\/wp-json\/wp\/v2\/product_brand?post=10916"},{"taxonomy":"product_cat","embeddable":true,"href":"https:\/\/www3.blomqvistplantskola.com\/fi\/wp-json\/wp\/v2\/product_cat?post=10916"},{"taxonomy":"product_tag","embeddable":true,"href":"https:\/\/www3.blomqvistplantskola.com\/fi\/wp-json\/wp\/v2\/product_tag?post=10916"}],"curies":[{"name":"wp","href":"https:\/\/api.w.org\/{rel}","templated":true}]}}