{"id":10921,"date":"2026-03-13T13:44:13","date_gmt":"2026-03-13T11:44:13","guid":{"rendered":"https:\/\/www3.blomqvistplantskola.com\/?post_type=product&#038;p=10921"},"modified":"2026-04-24T09:53:42","modified_gmt":"2026-04-24T07:53:42","slug":"marjatta-spomalus-domestica","status":"publish","type":"product","link":"https:\/\/www3.blomqvistplantskola.com\/fi\/product\/marjatta-spomalus-domestica\/","title":{"rendered":"<b>Marjatta <\/b>(piiskataimi)<br>Malus domestica"},"content":{"rendered":"<p>Hedelm\u00e4puun piiska-\/ kevytttaimi 4 litran taimipussissa. Piiskataimet on leikattu noin 70-80 cm korkuisiksi.<br \/>\nMukana toimitetaan lyhyet viljelyohjeet, ja jo ensi syksyn\u00e4 sinulla on pieni hedelm\u00e4puu.<\/p>","protected":false},"excerpt":{"rendered":"<p><strong>PIISKATAIMI<\/strong><b><\/b><\/p>\n<p>Koristeomenapuu. Kukat ovat tummanroosat l\u00e4hes koko kukinta-ajan, jonka j\u00e4lkeen muodostuvat pienet, tummanpunaiset, marjaa muistuttavat hedelm\u00e4t pysyv\u00e4t puussa kauan. Lehv\u00e4st\u00f6 on punertava koko kauden ajan. Oksat kasvavat melko vaakatasossa, ja muodostavat runsaasti sivuhaaroja. Melko pieni runsaasti kukkiva puu, n. 3-3,5 m.<\/p>\n<p><strong>Vy\u00f6hyke: <\/strong>FI 1-4\/5.\u00a0 SE 1-5\/6.<br \/>\n<strong>Tyyppi: <\/strong>Koristeomenapuut \/ marjaomenapuut<\/p>","protected":false},"featured_media":6112,"template":"","meta":[],"product_brand":[],"product_cat":[240,254],"product_tag":[],"class_list":{"0":"post-10921","1":"product","2":"type-product","3":"status-publish","4":"has-post-thumbnail","6":"product_cat-appeltrad","7":"product_cat-lovtrad","8":"product_shipping_class-postpaket","10":"first","11":"instock","12":"taxable","13":"shipping-taxable","14":"purchasable","15":"product-type-simple"},"_links":{"self":[{"href":"https:\/\/www3.blomqvistplantskola.com\/fi\/wp-json\/wp\/v2\/product\/10921","targetHints":{"allow":["GET"]}}],"collection":[{"href":"https:\/\/www3.blomqvistplantskola.com\/fi\/wp-json\/wp\/v2\/product"}],"about":[{"href":"https:\/\/www3.blomqvistplantskola.com\/fi\/wp-json\/wp\/v2\/types\/product"}],"wp:featuredmedia":[{"embeddable":true,"href":"https:\/\/www3.blomqvistplantskola.com\/fi\/wp-json\/wp\/v2\/media\/6112"}],"wp:attachment":[{"href":"https:\/\/www3.blomqvistplantskola.com\/fi\/wp-json\/wp\/v2\/media?parent=10921"}],"wp:term":[{"taxonomy":"product_brand","embeddable":true,"href":"https:\/\/www3.blomqvistplantskola.com\/fi\/wp-json\/wp\/v2\/product_brand?post=10921"},{"taxonomy":"product_cat","embeddable":true,"href":"https:\/\/www3.blomqvistplantskola.com\/fi\/wp-json\/wp\/v2\/product_cat?post=10921"},{"taxonomy":"product_tag","embeddable":true,"href":"https:\/\/www3.blomqvistplantskola.com\/fi\/wp-json\/wp\/v2\/product_tag?post=10921"}],"curies":[{"name":"wp","href":"https:\/\/api.w.org\/{rel}","templated":true}]}}