{"id":10931,"date":"2026-03-13T14:19:10","date_gmt":"2026-03-13T12:19:10","guid":{"rendered":"https:\/\/www3.blomqvistplantskola.com\/?post_type=product&#038;p=10931"},"modified":"2026-03-22T22:40:25","modified_gmt":"2026-03-22T20:40:25","slug":"jakolevskaja-spopyrus-communis","status":"publish","type":"product","link":"https:\/\/www3.blomqvistplantskola.com\/fi\/product\/jakolevskaja-spopyrus-communis\/","title":{"rendered":"<b>Jakolevskaja <\/b>(piiskataimi)<br>Pyrus communis"},"content":{"rendered":"<p>Hedelm\u00e4puun piiska-\/ kevytttaimi 4 litran taimipussissa. Piiskataimet on leikattu noin 70-80 cm korkuisiksi.<br \/>\nMukana toimitetaan lyhyet viljelyohjeet, ja jo ensi syksyn\u00e4 sinulla on pieni hedelm\u00e4puu.<\/p>","protected":false},"excerpt":{"rendered":"<p>Ven\u00e4l\u00e4isristeytys vuodelta 2003. Talvilajike, joka on sy\u00f6ntikyps\u00e4 tammi-helmikuulle varatoinnin j\u00e4lkeen. Pitkulainen vaaleankeltainenja keskisuuri hedelm\u00e4 vihre\u00e4ll\u00e4 pohjav\u00e4rill\u00e4. Pintav\u00e4riss\u00e4 ep\u00e4tavanomainen tummanpunainen vivahdus. Hedelm\u00e4liha vaaleankeltaista. Maku hyv\u00e4, kevyesti hapokas. Keskisuuri, melko kapea, terve puu, joka antaa runsaan sadon suhteellisen nuorena. Osittain itsep\u00f6lyttyv\u00e4, mutta ristip\u00f6lytyst\u00e4 suositellaan.<\/p>\n<p><strong>Vy\u00f6hyke: <\/strong>FI 1-4. SE 1-5.<br \/>\n<strong>Tyyppi: <\/strong>Kes\u00e4lajike<\/p>","protected":false},"featured_media":0,"template":"","meta":[],"product_brand":[],"product_cat":[241],"product_tag":[],"class_list":{"0":"post-10931","1":"product","2":"type-product","3":"status-publish","5":"product_cat-parontrad","6":"product_shipping_class-postpaket","8":"first","9":"instock","10":"taxable","11":"shipping-taxable","12":"purchasable","13":"product-type-simple"},"_links":{"self":[{"href":"https:\/\/www3.blomqvistplantskola.com\/fi\/wp-json\/wp\/v2\/product\/10931","targetHints":{"allow":["GET"]}}],"collection":[{"href":"https:\/\/www3.blomqvistplantskola.com\/fi\/wp-json\/wp\/v2\/product"}],"about":[{"href":"https:\/\/www3.blomqvistplantskola.com\/fi\/wp-json\/wp\/v2\/types\/product"}],"wp:attachment":[{"href":"https:\/\/www3.blomqvistplantskola.com\/fi\/wp-json\/wp\/v2\/media?parent=10931"}],"wp:term":[{"taxonomy":"product_brand","embeddable":true,"href":"https:\/\/www3.blomqvistplantskola.com\/fi\/wp-json\/wp\/v2\/product_brand?post=10931"},{"taxonomy":"product_cat","embeddable":true,"href":"https:\/\/www3.blomqvistplantskola.com\/fi\/wp-json\/wp\/v2\/product_cat?post=10931"},{"taxonomy":"product_tag","embeddable":true,"href":"https:\/\/www3.blomqvistplantskola.com\/fi\/wp-json\/wp\/v2\/product_tag?post=10931"}],"curies":[{"name":"wp","href":"https:\/\/api.w.org\/{rel}","templated":true}]}}