{"id":10932,"date":"2026-03-13T14:18:28","date_gmt":"2026-03-13T12:18:28","guid":{"rendered":"https:\/\/www3.blomqvistplantskola.com\/?post_type=product&#038;p=10932"},"modified":"2026-03-29T09:11:16","modified_gmt":"2026-03-29T07:11:16","slug":"hargrand-spoprunus-persica","status":"publish","type":"product","link":"https:\/\/www3.blomqvistplantskola.com\/fi\/product\/hargrand-spoprunus-persica\/","title":{"rendered":"<b>Hargrand <\/b>(piiskataimi)<br>Prunus persica"},"content":{"rendered":"<p>Piiskataimi \/ nuori taimi 70-80cm.<br \/>\nMukana lyhyet ohjeet. Jo syksyll\u00e4 sinulla on pieni hedelm\u00e4puu.<\/p>\n<p>Perusrunko Prunus 'St Julien'<\/p>","protected":false},"excerpt":{"rendered":"<p>Sort med ev b\u00e4ttre h\u00e4rdighet j\u00e4mf\u00f6rt med flera andra aprikoser i l\u00e4gre v\u00e4xtzoner. Sj\u00e4lvfertil, men pollineringshj\u00e4lp rekommenderas. Blommar med r\u00f6drosa blommor och frukten mognar normalt i juli. Rek. f\u00f6r kruk\/v\u00e4xthus\/vintertr\u00e4dg\u00e5rds odling om man inte bor i l\u00e5g zon och spaljeodlar.<\/p>\n<p><strong>Vy\u00f6hyke: <\/strong>FI 1-. SE 1-.<br \/>\n<strong>Tyyppi: <\/strong>Aprikos<\/p>","protected":false},"featured_media":0,"template":"","meta":[],"product_brand":[],"product_cat":[244],"product_tag":[],"class_list":{"0":"post-10932","1":"product","2":"type-product","3":"status-publish","5":"product_cat-persikor","6":"product_shipping_class-postpaket","8":"first","9":"instock","10":"taxable","11":"shipping-taxable","12":"purchasable","13":"product-type-simple"},"_links":{"self":[{"href":"https:\/\/www3.blomqvistplantskola.com\/fi\/wp-json\/wp\/v2\/product\/10932","targetHints":{"allow":["GET"]}}],"collection":[{"href":"https:\/\/www3.blomqvistplantskola.com\/fi\/wp-json\/wp\/v2\/product"}],"about":[{"href":"https:\/\/www3.blomqvistplantskola.com\/fi\/wp-json\/wp\/v2\/types\/product"}],"wp:attachment":[{"href":"https:\/\/www3.blomqvistplantskola.com\/fi\/wp-json\/wp\/v2\/media?parent=10932"}],"wp:term":[{"taxonomy":"product_brand","embeddable":true,"href":"https:\/\/www3.blomqvistplantskola.com\/fi\/wp-json\/wp\/v2\/product_brand?post=10932"},{"taxonomy":"product_cat","embeddable":true,"href":"https:\/\/www3.blomqvistplantskola.com\/fi\/wp-json\/wp\/v2\/product_cat?post=10932"},{"taxonomy":"product_tag","embeddable":true,"href":"https:\/\/www3.blomqvistplantskola.com\/fi\/wp-json\/wp\/v2\/product_tag?post=10932"}],"curies":[{"name":"wp","href":"https:\/\/api.w.org\/{rel}","templated":true}]}}