{"id":10943,"date":"2026-03-13T14:07:31","date_gmt":"2026-03-13T12:07:31","guid":{"rendered":"https:\/\/www3.blomqvistplantskola.com\/?post_type=product&#038;p=10943"},"modified":"2026-04-13T08:02:12","modified_gmt":"2026-04-13T06:02:12","slug":"buskblabar-amerikanska-blabar-vaccinium-corymbosum-hybr-patriot","status":"publish","type":"product","link":"https:\/\/www3.blomqvistplantskola.com\/fi\/product\/buskblabar-amerikanska-blabar-vaccinium-corymbosum-hybr-patriot\/","title":{"rendered":"<b>Pensasmustikka - Amerikkalainen mustikka <\/b><br>Vaccinium corymbosum-hybr. `Patriot\u00b4"},"content":{"rendered":"<p>Taimi 3 litran ruukussa.<\/p>","protected":false},"excerpt":{"rendered":"<p>Pidetty, korkeampikasvuinen pensasmustikka, joka antaa suuret, herkulliset marjat ja sadon melko varhain ja pitk\u00e4\u00e4n mustikkasesongin aikana. Runsassatoinen, 4-8 kg \/ taimi. Itsep\u00f6lyttyv\u00e4, mutta parhaan sadon saamiseksi istuta yhdess\u00e4 toisen lajikkeen kanssa. Maaper\u00e4n on oltava kuohkea, l\u00e4mmin ja hapan.<\/p>\n<p><strong>Vy\u00f6hyke: <\/strong>FI 1-3(4). SE 1-4(5).<br \/>\n<strong>Korkeus: <\/strong>1-1,2 m<\/p>","protected":false},"featured_media":0,"template":"","meta":[],"product_brand":[],"product_cat":[248],"product_tag":[],"class_list":{"0":"post-10943","1":"product","2":"type-product","3":"status-publish","5":"product_cat-barvaxter","6":"product_shipping_class-postpaket","8":"first","9":"instock","10":"taxable","11":"shipping-taxable","12":"purchasable","13":"product-type-simple"},"_links":{"self":[{"href":"https:\/\/www3.blomqvistplantskola.com\/fi\/wp-json\/wp\/v2\/product\/10943","targetHints":{"allow":["GET"]}}],"collection":[{"href":"https:\/\/www3.blomqvistplantskola.com\/fi\/wp-json\/wp\/v2\/product"}],"about":[{"href":"https:\/\/www3.blomqvistplantskola.com\/fi\/wp-json\/wp\/v2\/types\/product"}],"wp:attachment":[{"href":"https:\/\/www3.blomqvistplantskola.com\/fi\/wp-json\/wp\/v2\/media?parent=10943"}],"wp:term":[{"taxonomy":"product_brand","embeddable":true,"href":"https:\/\/www3.blomqvistplantskola.com\/fi\/wp-json\/wp\/v2\/product_brand?post=10943"},{"taxonomy":"product_cat","embeddable":true,"href":"https:\/\/www3.blomqvistplantskola.com\/fi\/wp-json\/wp\/v2\/product_cat?post=10943"},{"taxonomy":"product_tag","embeddable":true,"href":"https:\/\/www3.blomqvistplantskola.com\/fi\/wp-json\/wp\/v2\/product_tag?post=10943"}],"curies":[{"name":"wp","href":"https:\/\/api.w.org\/{rel}","templated":true}]}}