{"id":10946,"date":"2026-03-13T13:05:57","date_gmt":"2026-03-13T11:05:57","guid":{"rendered":"https:\/\/www3.blomqvistplantskola.com\/?post_type=product&#038;p=10946"},"modified":"2026-04-26T13:20:48","modified_gmt":"2026-04-26T11:20:48","slug":"2-olika-buskblabar-amerikanska-blabar-3-plantor-vaccinium-north-country-north-blue","status":"publish","type":"product","link":"https:\/\/www3.blomqvistplantskola.com\/fi\/product\/2-olika-buskblabar-amerikanska-blabar-3-plantor-vaccinium-north-country-north-blue\/","title":{"rendered":"<b> 2 erilaista pensasmustikkaa - amerikkalainen mustikka, 3 tainta<\/b><br> Vaccinium `North Country\u00b4, `North Blue\u00b4"},"content":{"rendered":"<p><strong>North Blue <\/strong>Ylivoimaisesti suosituin ja eniten viljelty lajike Suomessa. L\u00e4ht\u00f6isin Minnesotan yliopistosta, 1983. Lajike on keskiaikainen, 70 - 90 cm korkea ja hieman t\u00e4t\u00e4 leve\u00e4mpi. Marjat ovat kauniin tummansinisi\u00e4 ja himme\u00e4pintaisia. Ne maistuvat miellytt\u00e4v\u00e4n makeilta ja sopivan happamilta, ja ovat t\u00e4ynn\u00e4 vitamiineja ja flavonoideja. Runsassatoinen lajike voi tuottaa 3-6 litraa t\u00e4ysikasvuista pensasta kohden. Erinomaisia suoraan pensaasta sy\u00f6tyn\u00e4, mutta sopivat my\u00f6s leivonnaisiin ja hilloksi. Lajike on l\u00e4hes itsep\u00f6lyttyv\u00e4, mutta ristip\u00f6lytyksell\u00e4 toisen lajikkeen kanssa (esim.  North Country, North Sky.) saadaan parempi sato. Maaper\u00e4n on oltava kuohkea, l\u00e4mmin ja hapan (pH 4,5 - 5,2). Korkeus: 0,8m. FI 1-5. SE 1-6.<\/p>\n<p><strong>North Country <\/strong>Hyv\u00e4 p\u00f6lytt\u00e4j\u00e4 North Blue lajikkeelle. My\u00f6s t\u00e4m\u00e4 lajike on l\u00e4ht\u00f6isin Minnesotan yliopistosta, 1983. Matala- ja leve\u00e4kasvuinen pensas, vain 45 - 60 cm korkuinen, mutta leveytt\u00e4 voi olla l\u00e4hemm\u00e4s metrin verran. Melko aikainen lajike, jolla suhteellisen pienet marjat.  Maku miellytt\u00e4v\u00e4, kuten villimustikalla.  Marjat ovat t\u00e4ynn\u00e4 vitamiineja ja flavonoideja. Satom\u00e4\u00e4r\u00e4 on 1,5-4 litraa t\u00e4ysikasvuisella pensaalla. Sadon saamiseksi tarvitsee p\u00f6lytt\u00e4j\u00e4kseen toisen lajikkeen esim. North Blue, North Sky. Ei ole itsep\u00f6lyttyv\u00e4. Kaunis, loistavan oranssinpunainen syysv\u00e4ri, mink\u00e4 takia voidaan k\u00e4ytt\u00e4\u00e4 my\u00f6s koristepensaana! Maaper\u00e4n on oltava kuohkea, l\u00e4mmin ja hapan (pH 4,5 - 5,2). 0,6 m. FI 1-5. SE 1-6.<\/p>\n<p>&nbsp;<\/p>","protected":false},"excerpt":{"rendered":"<p><span style=\"font-family: Arial, serif;\"><span style=\"font-size: medium;\"><strong>Pensasmustikka, joka soveltuu my\u00f6s ylemmille kasvuvy\u00f6hykkeille. Soveltuu happaman maan istutuksiin. <\/strong><br \/>\n<strong>Paket med 2 olika sorter f\u00f6r att f\u00e5 bra sk\u00f6rd. 1,5-2 liters krukor.<\/strong><br \/>\n2 st\u00a0 `North Blue\u00b4<br \/>\n1 st\u00a0 `North Country\u00b4<\/span><\/span><\/p>\n<p><span style=\"font-family: Arial, serif;\"><span style=\"font-size: medium;\">\u00a0<\/span><\/span><\/p>","protected":false},"featured_media":4822,"template":"","meta":[],"product_brand":[],"product_cat":[248,312],"product_tag":[],"class_list":{"0":"post-10946","1":"product","2":"type-product","3":"status-publish","4":"has-post-thumbnail","6":"product_cat-barvaxter","7":"product_cat-paketerbjudanden","8":"product_shipping_class-postpaket","10":"first","11":"instock","12":"sale","13":"taxable","14":"shipping-taxable","15":"purchasable","16":"product-type-simple"},"_links":{"self":[{"href":"https:\/\/www3.blomqvistplantskola.com\/fi\/wp-json\/wp\/v2\/product\/10946","targetHints":{"allow":["GET"]}}],"collection":[{"href":"https:\/\/www3.blomqvistplantskola.com\/fi\/wp-json\/wp\/v2\/product"}],"about":[{"href":"https:\/\/www3.blomqvistplantskola.com\/fi\/wp-json\/wp\/v2\/types\/product"}],"wp:featuredmedia":[{"embeddable":true,"href":"https:\/\/www3.blomqvistplantskola.com\/fi\/wp-json\/wp\/v2\/media\/4822"}],"wp:attachment":[{"href":"https:\/\/www3.blomqvistplantskola.com\/fi\/wp-json\/wp\/v2\/media?parent=10946"}],"wp:term":[{"taxonomy":"product_brand","embeddable":true,"href":"https:\/\/www3.blomqvistplantskola.com\/fi\/wp-json\/wp\/v2\/product_brand?post=10946"},{"taxonomy":"product_cat","embeddable":true,"href":"https:\/\/www3.blomqvistplantskola.com\/fi\/wp-json\/wp\/v2\/product_cat?post=10946"},{"taxonomy":"product_tag","embeddable":true,"href":"https:\/\/www3.blomqvistplantskola.com\/fi\/wp-json\/wp\/v2\/product_tag?post=10946"}],"curies":[{"name":"wp","href":"https:\/\/api.w.org\/{rel}","templated":true}]}}