{"id":11009,"date":"2026-03-13T12:59:08","date_gmt":"2026-03-13T10:59:08","guid":{"rendered":"https:\/\/www3.blomqvistplantskola.com\/?post_type=product&#038;p=11009"},"modified":"2026-04-25T11:38:44","modified_gmt":"2026-04-25T09:38:44","slug":"2-olika-buskblabar-amerikanska-blabar-3-plantor-vaccinium-patriot-north-blue","status":"publish","type":"product","link":"https:\/\/www3.blomqvistplantskola.com\/fi\/product\/2-olika-buskblabar-amerikanska-blabar-3-plantor-vaccinium-patriot-north-blue\/","title":{"rendered":"<b> 2 erilaista pensasmustikkaa - amerikkalainen mustikka, 3 tainta<\/b><br> Vaccinium `Patriot\u00b4, `North Blue\u00b4"},"content":{"rendered":"<p><strong>North Blue <\/strong>Ylivoimaisesti suosituin ja eniten viljelty lajike Suomessa. L\u00e4ht\u00f6isin Minnesotan yliopistosta, 1983. Lajike on keskiaikainen, 70 - 90 cm korkea ja hieman t\u00e4t\u00e4 leve\u00e4mpi. Marjat ovat kauniin tummansinisi\u00e4 ja himme\u00e4pintaisia. Ne maistuvat miellytt\u00e4v\u00e4n makeilta ja sopivan happamilta, ja ovat t\u00e4ynn\u00e4 vitamiineja ja flavonoideja. Runsassatoinen lajike voi tuottaa 3-6 litraa t\u00e4ysikasvuista pensasta kohden. Erinomaisia suoraan pensaasta sy\u00f6tyn\u00e4, mutta sopivat my\u00f6s leivonnaisiin ja hilloksi. Lajike on l\u00e4hes itsep\u00f6lyttyv\u00e4, mutta ristip\u00f6lytyksell\u00e4 toisen lajikkeen kanssa (esim.  North Country, North Sky.) saadaan parempi sato. Maaper\u00e4n on oltava kuohkea, l\u00e4mmin ja hapan (pH 4,5 - 5,2). Korkeus: 0,8m. FI 1-5. SE 1-6.<\/p>\n<p><strong>Patriot<\/strong> Pidetty, korkeampikasvuinen pensasmustikka, joka antaa suuret, herkulliset marjat ja sadon melko varhain ja pitk\u00e4\u00e4n mustikkasesongin aikana. Runsassatoinen, 4-8 kg \/ taimi. Hyvin itsep\u00f6lyttyv\u00e4, mutta parhaan sadon saamiseksi istuta yhdess\u00e4 toisen lajikkeen kanssa. Maaper\u00e4n on oltava kuohkea, l\u00e4mmin ja hapan (pH 4,5 - 5,2). Korkeus: 1-1,2 m. FI 1-3(4). SE 1-4(5).<\/p>\n<p>&nbsp;<\/p>","protected":false},"excerpt":{"rendered":"<p><span style=\"font-family: Arial, serif;\"><span style=\"font-size: medium;\"><strong>Pensasmustikkaa omaan puutarhaan. Sopii happaman maan istutuksiin. <\/strong><br \/>\n<strong>Paketissa 2 eri lajiketta runsaan sadon tuottamiseksi. 2-3 litran ruukut.<\/strong><br \/>\n2 st\u00a0 `North Blue\u00b4<br \/>\n1 st\u00a0 `Patriot\u00b4<\/span><\/span><\/p>\n<p><span style=\"font-family: Arial, serif;\"><span style=\"font-size: medium;\">\u00a0<\/span><\/span><\/p>","protected":false},"featured_media":4989,"template":"","meta":[],"product_brand":[],"product_cat":[248,312],"product_tag":[],"class_list":{"0":"post-11009","1":"product","2":"type-product","3":"status-publish","4":"has-post-thumbnail","6":"product_cat-barvaxter","7":"product_cat-paketerbjudanden","8":"product_shipping_class-postpaket","10":"first","11":"instock","12":"sale","13":"taxable","14":"shipping-taxable","15":"purchasable","16":"product-type-simple"},"_links":{"self":[{"href":"https:\/\/www3.blomqvistplantskola.com\/fi\/wp-json\/wp\/v2\/product\/11009","targetHints":{"allow":["GET"]}}],"collection":[{"href":"https:\/\/www3.blomqvistplantskola.com\/fi\/wp-json\/wp\/v2\/product"}],"about":[{"href":"https:\/\/www3.blomqvistplantskola.com\/fi\/wp-json\/wp\/v2\/types\/product"}],"wp:featuredmedia":[{"embeddable":true,"href":"https:\/\/www3.blomqvistplantskola.com\/fi\/wp-json\/wp\/v2\/media\/4989"}],"wp:attachment":[{"href":"https:\/\/www3.blomqvistplantskola.com\/fi\/wp-json\/wp\/v2\/media?parent=11009"}],"wp:term":[{"taxonomy":"product_brand","embeddable":true,"href":"https:\/\/www3.blomqvistplantskola.com\/fi\/wp-json\/wp\/v2\/product_brand?post=11009"},{"taxonomy":"product_cat","embeddable":true,"href":"https:\/\/www3.blomqvistplantskola.com\/fi\/wp-json\/wp\/v2\/product_cat?post=11009"},{"taxonomy":"product_tag","embeddable":true,"href":"https:\/\/www3.blomqvistplantskola.com\/fi\/wp-json\/wp\/v2\/product_tag?post=11009"}],"curies":[{"name":"wp","href":"https:\/\/api.w.org\/{rel}","templated":true}]}}