{"id":11015,"date":"2026-03-13T15:58:36","date_gmt":"2026-03-13T13:58:36","guid":{"rendered":"https:\/\/www3.blomqvistplantskola.com\/?post_type=product&#038;p=11015"},"modified":"2026-04-06T14:13:37","modified_gmt":"2026-04-06T12:13:37","slug":"prydnadsjordgubbefragaria-x-rosea-pink-panda","status":"publish","type":"product","link":"https:\/\/www3.blomqvistplantskola.com\/fi\/product\/prydnadsjordgubbefragaria-x-rosea-pink-panda\/","title":{"rendered":"<b>Koristemansikka P9<\/b><br>Fragaria x rosea  `Pink Panda\u00b4"},"content":{"rendered":"<p>Taimi 9 cm:n ruukussa.<\/p>","protected":false},"excerpt":{"rendered":"<p><span style=\"font-family: Arial, serif;\"><span style=\"font-size: medium;\">Pidetty hybridi, joka on mansikan ja hanhikin risteym\u00e4, jota k\u00e4ytet\u00e4\u00e4n l\u00e4hinn\u00e4 koristekasvina perennojen tapaan. Taimet levi\u00e4v\u00e4t. <\/span><\/span><span style=\"font-family: Arial, serif;\"><span style=\"font-size: medium;\">On hauska maanpeittona. Lehdet ovat raikkaan v\u00e4riset ja ikivihre\u00e4t, kuten tavallisella mansikalla. Kukkii touko-syyskuussa suurin, yksinkertaisin, roosan v\u00e4risin kukin, joissa hiukan keltaista. Muodostaa sy\u00f6t\u00e4vi\u00e4 pieni\u00e4, punaisia, hyv\u00e4nmakuisia marjoja l\u00e4hinn\u00e4 nuoriin taimiin, vanhat taimet kukkivat heikoimmin. Sopii hyvin amppeleihin ja parvekelaatikoihin, jolloin muodostaa hienosti r\u00f6nsyj\u00e4.<\/span><\/span><\/p>","protected":false},"featured_media":0,"template":"","meta":[],"product_brand":[],"product_cat":[248,253],"product_tag":[],"class_list":{"0":"post-11015","1":"product","2":"type-product","3":"status-publish","5":"product_cat-barvaxter","6":"product_cat-prydnadsbuskar","7":"product_shipping_class-postpaket","9":"first","10":"instock","11":"taxable","12":"shipping-taxable","13":"purchasable","14":"product-type-simple"},"_links":{"self":[{"href":"https:\/\/www3.blomqvistplantskola.com\/fi\/wp-json\/wp\/v2\/product\/11015","targetHints":{"allow":["GET"]}}],"collection":[{"href":"https:\/\/www3.blomqvistplantskola.com\/fi\/wp-json\/wp\/v2\/product"}],"about":[{"href":"https:\/\/www3.blomqvistplantskola.com\/fi\/wp-json\/wp\/v2\/types\/product"}],"wp:attachment":[{"href":"https:\/\/www3.blomqvistplantskola.com\/fi\/wp-json\/wp\/v2\/media?parent=11015"}],"wp:term":[{"taxonomy":"product_brand","embeddable":true,"href":"https:\/\/www3.blomqvistplantskola.com\/fi\/wp-json\/wp\/v2\/product_brand?post=11015"},{"taxonomy":"product_cat","embeddable":true,"href":"https:\/\/www3.blomqvistplantskola.com\/fi\/wp-json\/wp\/v2\/product_cat?post=11015"},{"taxonomy":"product_tag","embeddable":true,"href":"https:\/\/www3.blomqvistplantskola.com\/fi\/wp-json\/wp\/v2\/product_tag?post=11015"}],"curies":[{"name":"wp","href":"https:\/\/api.w.org\/{rel}","templated":true}]}}