{"id":11017,"date":"2026-03-13T16:09:56","date_gmt":"2026-03-13T14:09:56","guid":{"rendered":"https:\/\/www3.blomqvistplantskola.com\/?post_type=product&#038;p=11017"},"modified":"2026-04-02T12:37:07","modified_gmt":"2026-04-02T10:37:07","slug":"prydnadsjordgubbe-3-stfragaria-x-rosea-lipstick","status":"publish","type":"product","link":"https:\/\/www3.blomqvistplantskola.com\/fi\/product\/prydnadsjordgubbe-3-stfragaria-x-rosea-lipstick\/","title":{"rendered":"<b>Koristemansikka 3kpl, P9<\/b><br>Fragaria x rosea  `Lipstick\u00b4"},"content":{"rendered":"<p>3 kpl taimia 9 cm:n ruukussa.<\/p>","protected":false},"excerpt":{"rendered":"<p><span style=\"font-family: Arial, serif;\"><span style=\"font-size: medium;\">Suloinen maanpeittokasvi, joka on pidetty pitk\u00e4n, syksylle jatkuvan kukintansa ja kirkkaanpunaisten kukkiensa vuoksi. Muodostaa <\/span><\/span><span style=\"font-family: Arial, serif;\"><span style=\"font-size: medium;\">pieni\u00e4, punaisia sy\u00f6t\u00e4vi\u00e4 marjoja l\u00e4hinn\u00e4 nuorina taimina (uudista s\u00e4\u00e4nn\u00f6llisesti). Lehdet ovat raikkaan v\u00e4riset ja ikivihre\u00e4t, kuten tavallisella mansikalla. Sopii hyvin amppeliin ja parvekelaatikoihin, jolloin muodostaa hienosti r\u00f6nsyj\u00e4.<\/span><\/span><\/p>","protected":false},"featured_media":0,"template":"","meta":[],"product_brand":[],"product_cat":[248,253],"product_tag":[],"class_list":{"0":"post-11017","1":"product","2":"type-product","3":"status-publish","5":"product_cat-barvaxter","6":"product_cat-prydnadsbuskar","7":"product_shipping_class-postpaket","9":"first","10":"instock","11":"sale","12":"taxable","13":"shipping-taxable","14":"purchasable","15":"product-type-simple"},"_links":{"self":[{"href":"https:\/\/www3.blomqvistplantskola.com\/fi\/wp-json\/wp\/v2\/product\/11017","targetHints":{"allow":["GET"]}}],"collection":[{"href":"https:\/\/www3.blomqvistplantskola.com\/fi\/wp-json\/wp\/v2\/product"}],"about":[{"href":"https:\/\/www3.blomqvistplantskola.com\/fi\/wp-json\/wp\/v2\/types\/product"}],"wp:attachment":[{"href":"https:\/\/www3.blomqvistplantskola.com\/fi\/wp-json\/wp\/v2\/media?parent=11017"}],"wp:term":[{"taxonomy":"product_brand","embeddable":true,"href":"https:\/\/www3.blomqvistplantskola.com\/fi\/wp-json\/wp\/v2\/product_brand?post=11017"},{"taxonomy":"product_cat","embeddable":true,"href":"https:\/\/www3.blomqvistplantskola.com\/fi\/wp-json\/wp\/v2\/product_cat?post=11017"},{"taxonomy":"product_tag","embeddable":true,"href":"https:\/\/www3.blomqvistplantskola.com\/fi\/wp-json\/wp\/v2\/product_tag?post=11017"}],"curies":[{"name":"wp","href":"https:\/\/api.w.org\/{rel}","templated":true}]}}