{"id":11086,"date":"2026-03-16T16:01:42","date_gmt":"2026-03-16T14:01:42","guid":{"rendered":"https:\/\/www3.blomqvistplantskola.com\/?post_type=product&#038;p=11086"},"modified":"2026-04-28T14:03:05","modified_gmt":"2026-04-28T12:03:05","slug":"rosa-vinbar-ribes-rubrum-aili-2","status":"publish","type":"product","link":"https:\/\/www3.blomqvistplantskola.com\/fi\/product\/rosa-vinbar-ribes-rubrum-aili-2\/","title":{"rendered":"<b>Vaaleanpunainen herukka <\/b><br>Ribes rubrum `Aili\u00b4"},"content":{"rendered":"<p>Kevyttaimi 13 cm:n ruukussa.<\/p>","protected":false},"excerpt":{"rendered":"<p>Kysytty viinimarjalajike, jolla valeanpunaiset marjat. Lajikkeen alkuper\u00e4 on tuntematon, mutta se on otettu hyvin vastaan Suomessa. Pensas on heikompi kasvuinen, kuin muut herukat, mutta kest\u00e4v\u00e4 ja helppohoitoinen. Marjat ovat hyvi\u00e4 ja aromikkaita, hapokkuutta v\u00e4hemm\u00e4n kuin punaherukassa. Pidetty niiden keskuudessa, jotka eiv\u00e4t pid\u00e4 muiden herukkalajikkeiden happamuudesta. Meid\u00e4n ja asiakkaidemme selv\u00e4 suosikki. Ehk\u00e4 my\u00f6s sinun lastesi uusi suosikkimarja?<\/p>\n<p><strong>Vy\u00f6hyke: <\/strong>FI 1-4. SE 1-5.<br \/>\n<strong>Korkeus: <\/strong>1-1,5 m<\/p>","protected":false},"featured_media":7916,"template":"","meta":[],"product_brand":[],"product_cat":[248],"product_tag":[],"class_list":{"0":"post-11086","1":"product","2":"type-product","3":"status-publish","4":"has-post-thumbnail","6":"product_cat-barvaxter","7":"product_shipping_class-postpaket","9":"first","10":"instock","11":"taxable","12":"shipping-taxable","13":"purchasable","14":"product-type-simple"},"_links":{"self":[{"href":"https:\/\/www3.blomqvistplantskola.com\/fi\/wp-json\/wp\/v2\/product\/11086","targetHints":{"allow":["GET"]}}],"collection":[{"href":"https:\/\/www3.blomqvistplantskola.com\/fi\/wp-json\/wp\/v2\/product"}],"about":[{"href":"https:\/\/www3.blomqvistplantskola.com\/fi\/wp-json\/wp\/v2\/types\/product"}],"wp:featuredmedia":[{"embeddable":true,"href":"https:\/\/www3.blomqvistplantskola.com\/fi\/wp-json\/wp\/v2\/media\/7916"}],"wp:attachment":[{"href":"https:\/\/www3.blomqvistplantskola.com\/fi\/wp-json\/wp\/v2\/media?parent=11086"}],"wp:term":[{"taxonomy":"product_brand","embeddable":true,"href":"https:\/\/www3.blomqvistplantskola.com\/fi\/wp-json\/wp\/v2\/product_brand?post=11086"},{"taxonomy":"product_cat","embeddable":true,"href":"https:\/\/www3.blomqvistplantskola.com\/fi\/wp-json\/wp\/v2\/product_cat?post=11086"},{"taxonomy":"product_tag","embeddable":true,"href":"https:\/\/www3.blomqvistplantskola.com\/fi\/wp-json\/wp\/v2\/product_tag?post=11086"}],"curies":[{"name":"wp","href":"https:\/\/api.w.org\/{rel}","templated":true}]}}