{"id":11121,"date":"2026-03-18T16:43:17","date_gmt":"2026-03-18T14:43:17","guid":{"rendered":"https:\/\/www3.blomqvistplantskola.com\/?post_type=product&#038;p=11121"},"modified":"2026-04-07T07:59:57","modified_gmt":"2026-04-07T05:59:57","slug":"rockii-buskpion-gansu-modan-gruppen-paeonia-rockii-fen-yu-sheng-hui","status":"publish","type":"product","link":"https:\/\/www3.blomqvistplantskola.com\/fi\/product\/rockii-buskpion-gansu-modan-gruppen-paeonia-rockii-fen-yu-sheng-hui\/","title":{"rendered":"<b>Rockii -pensaspioni - Gansu Modan ryhm\u00e4 <\/b><br>Paeonia Rockii `Fen Yu Sheng Hui\u00b4"},"content":{"rendered":"<p><strong>Kukan v\u00e4ri:<\/strong> rosa med skiftningar<strong><br \/>\n<\/strong><strong>Kukinta-aika: <\/strong>tidig<strong><br \/>\nKukan muoto: <\/strong>kerrottu<strong><br \/>\n<\/strong><strong>Tuoksu: <\/strong>kyll\u00e4<br \/>\n<strong>Korkeus: <\/strong>1,5 - 2,5 m ( korkeus voi vaihdella riippuen kasvuvy\u00f6hykkeest\u00e4)<br \/>\n<strong>Toimituskoko:<\/strong> barrot, 2-6 grenar, 40-60 cm<br \/>\n<strong>Lukum\u00e4\u00e4r\u00e4\/paketti:<\/strong> 1 kpl<\/p>","protected":false},"excerpt":{"rendered":"<p>Talvenkestonsa vuoksi eritt\u00e4in kysytty pensaspioniryhm\u00e4 Kiinasta. Kasvatettu menestyksekk\u00e4\u00e4sti aina ylh\u00e4\u00e4ll\u00e4 L\u00e4nsipohjalla asti, ruotsalainen vy\u00f6hyke 5. Rockii pionit ovat paljon kest\u00e4v\u00e4mpi\u00e4 kuin pensaspionit suffruticosa-ryhm\u00e4st\u00e4, joita useimmiten myyd\u00e4\u00e4n pensas-\/puupioneina.Kasvilla on vankat, puuvartiset rungot, se on terve ja sill\u00e4 on j\u00e4ttim\u00e4iset kukat aikaisin pionisesongin aikana.<br \/>\nDe tallriksstora, dubbla, ruffsigt rosa blommen har en h\u00e4rlig doft som \u00e4r starkare \u00e4n hos vanliga \u00f6rtartade pioner. Bra snittblomma.<\/p>\n<p>Eritt\u00e4in rajallinen m\u00e4\u00e4r\u00e4 hienoja taimia. Lyhyt info toimituksen mukana.<\/p>","protected":false},"featured_media":11122,"template":"","meta":[],"product_brand":[],"product_cat":[327],"product_tag":[],"class_list":{"0":"post-11121","1":"product","2":"type-product","3":"status-publish","4":"has-post-thumbnail","6":"product_cat-pioner","7":"product_shipping_class-postpaket","9":"first","10":"outofstock","11":"taxable","12":"shipping-taxable","13":"purchasable","14":"product-type-simple"},"_links":{"self":[{"href":"https:\/\/www3.blomqvistplantskola.com\/fi\/wp-json\/wp\/v2\/product\/11121","targetHints":{"allow":["GET"]}}],"collection":[{"href":"https:\/\/www3.blomqvistplantskola.com\/fi\/wp-json\/wp\/v2\/product"}],"about":[{"href":"https:\/\/www3.blomqvistplantskola.com\/fi\/wp-json\/wp\/v2\/types\/product"}],"wp:featuredmedia":[{"embeddable":true,"href":"https:\/\/www3.blomqvistplantskola.com\/fi\/wp-json\/wp\/v2\/media\/11122"}],"wp:attachment":[{"href":"https:\/\/www3.blomqvistplantskola.com\/fi\/wp-json\/wp\/v2\/media?parent=11121"}],"wp:term":[{"taxonomy":"product_brand","embeddable":true,"href":"https:\/\/www3.blomqvistplantskola.com\/fi\/wp-json\/wp\/v2\/product_brand?post=11121"},{"taxonomy":"product_cat","embeddable":true,"href":"https:\/\/www3.blomqvistplantskola.com\/fi\/wp-json\/wp\/v2\/product_cat?post=11121"},{"taxonomy":"product_tag","embeddable":true,"href":"https:\/\/www3.blomqvistplantskola.com\/fi\/wp-json\/wp\/v2\/product_tag?post=11121"}],"curies":[{"name":"wp","href":"https:\/\/api.w.org\/{rel}","templated":true}]}}