{"id":11124,"date":"2026-03-18T17:25:47","date_gmt":"2026-03-18T15:25:47","guid":{"rendered":"https:\/\/www3.blomqvistplantskola.com\/?post_type=product&#038;p=11124"},"modified":"2026-04-07T13:59:44","modified_gmt":"2026-04-07T11:59:44","slug":"rockii-buskpion-gansu-modan-gruppen-paeonia-rockii-he-pin-hong-xiu-qiu","status":"publish","type":"product","link":"https:\/\/www3.blomqvistplantskola.com\/fi\/product\/rockii-buskpion-gansu-modan-gruppen-paeonia-rockii-he-pin-hong-xiu-qiu\/","title":{"rendered":"<b>Rockii-buskpion &#8211; Gansu Modan gruppen <\/b><br>Paeonia Rockii `He Pin Hong Xiu Qiu\u00b4"},"content":{"rendered":"<p><strong>Blomf\u00e4rg:<\/strong> crimsonr\u00f6d<strong><br \/>\n<\/strong><strong>Blomningstid: <\/strong>medeltidig<strong><br \/>\nBlomform: <\/strong>dubbel<strong><br \/>\n<\/strong><strong>Doft: <\/strong>ja<br \/>\n<strong>Korkeus: <\/strong>1,5 &#8211; 2,5 m (h\u00f6jden kan varierar beroende p\u00e5 v\u00e4xtzon)<br \/>\n<strong>Leverans storlek:<\/strong> barrot, 2 &#8211; 5\u00a0 grenar<br \/>\n<strong>Antal\/paket:<\/strong> 1 st<\/p>","protected":false},"excerpt":{"rendered":"<p>Mycket efterfr\u00e5gad buskpion grupp fr\u00e5n Kina tack vare sin vinterh\u00e4rdighet. Har odlats med framg\u00e5ng \u00e4nda uppe i V\u00e4sterbotten, svenska zon 5. Rockii pioner \u00e4r mycket h\u00e4rdigare \u00e4n buskpioner fr\u00e5n suffruticosa gruppen som oftast s\u00e4ljs som busk\/tr\u00e4dpioner. Plantan har stadiga, vedartade stj\u00e4lkar, \u00e4r frisk och har j\u00e4ttestora blom tidigt under pions\u00e4songen.<br \/>\nEn sort som med sina tallriksstora (ca 19 cm), dubbla, underbart crimsonr\u00f6da blom \u00e4r mycket efterfr\u00e5gad. Blomman har en h\u00e4rlig doft som \u00e4r starkare \u00e4n hos vanliga \u00f6rtartade pioner.<\/p>\n<p>Fina plantor i mycket begr\u00e4nsad m\u00e4ngd. Kort info medf\u00f6ljer leveransen.<\/p>","protected":false},"featured_media":11115,"template":"","meta":[],"product_brand":[],"product_cat":[327],"product_tag":[],"class_list":{"0":"post-11124","1":"product","2":"type-product","3":"status-publish","4":"has-post-thumbnail","6":"product_cat-pioner","7":"product_shipping_class-postpaket","9":"first","10":"instock","11":"taxable","12":"shipping-taxable","13":"purchasable","14":"product-type-simple"},"_links":{"self":[{"href":"https:\/\/www3.blomqvistplantskola.com\/fi\/wp-json\/wp\/v2\/product\/11124","targetHints":{"allow":["GET"]}}],"collection":[{"href":"https:\/\/www3.blomqvistplantskola.com\/fi\/wp-json\/wp\/v2\/product"}],"about":[{"href":"https:\/\/www3.blomqvistplantskola.com\/fi\/wp-json\/wp\/v2\/types\/product"}],"wp:featuredmedia":[{"embeddable":true,"href":"https:\/\/www3.blomqvistplantskola.com\/fi\/wp-json\/wp\/v2\/media\/11115"}],"wp:attachment":[{"href":"https:\/\/www3.blomqvistplantskola.com\/fi\/wp-json\/wp\/v2\/media?parent=11124"}],"wp:term":[{"taxonomy":"product_brand","embeddable":true,"href":"https:\/\/www3.blomqvistplantskola.com\/fi\/wp-json\/wp\/v2\/product_brand?post=11124"},{"taxonomy":"product_cat","embeddable":true,"href":"https:\/\/www3.blomqvistplantskola.com\/fi\/wp-json\/wp\/v2\/product_cat?post=11124"},{"taxonomy":"product_tag","embeddable":true,"href":"https:\/\/www3.blomqvistplantskola.com\/fi\/wp-json\/wp\/v2\/product_tag?post=11124"}],"curies":[{"name":"wp","href":"https:\/\/api.w.org\/{rel}","templated":true}]}}