{"id":11125,"date":"2026-03-18T17:28:05","date_gmt":"2026-03-18T15:28:05","guid":{"rendered":"https:\/\/www3.blomqvistplantskola.com\/?post_type=product&#038;p=11125"},"modified":"2026-04-07T11:03:22","modified_gmt":"2026-04-07T09:03:22","slug":"rockii-buskpion-gansu-modan-gruppen-paeonia-rockii-hong-guan-yu-zhu","status":"publish","type":"product","link":"https:\/\/www3.blomqvistplantskola.com\/fi\/product\/rockii-buskpion-gansu-modan-gruppen-paeonia-rockii-hong-guan-yu-zhu\/","title":{"rendered":"<b>Rockii -pensaspioni - Gansu Modan ryhm\u00e4 <\/b><br>Paeonia Rockii `Hong Guan Yu Zhu\u00b4"},"content":{"rendered":"<p><strong>Kukan v\u00e4ri:<\/strong> rosa<strong><br \/>\n<\/strong><strong>Kukinta-aika: <\/strong>keskiaikainen<strong><br \/>\nKukan muoto: <\/strong>kerrottu<strong><br \/>\n<\/strong><strong>Tuoksu: <\/strong>kyll\u00e4<br \/>\n<strong>Korkeus: <\/strong>1,2 - 2 m ( korkeus voi vaihdella riippuen kasvuvy\u00f6hykkeest\u00e4)<br \/>\n<strong>Toimituskoko:<\/strong> paljasjuuri, 2 - 5 oksaa<br \/>\n<strong>Lukum\u00e4\u00e4r\u00e4\/paketti:<\/strong> 1 kpl<\/p>","protected":false},"excerpt":{"rendered":"<p>Talvenkestonsa vuoksi eritt\u00e4in kysytty pensaspioniryhm\u00e4 Kiinasta. Kasvatettu menestyksekk\u00e4\u00e4sti aina ylh\u00e4\u00e4ll\u00e4 L\u00e4nsipohjalla asti, ruotsalainen vy\u00f6hyke 5. Rockii pionit ovat paljon kest\u00e4v\u00e4mpi\u00e4 kuin pensaspionit suffruticosa-ryhm\u00e4st\u00e4, joita useimmiten myyd\u00e4\u00e4n pensas-\/puupioneina.Kasvilla on vankat, puuvartiset rungot, se on terve ja sill\u00e4 on j\u00e4ttim\u00e4iset kukat aikaisin pionisesongin aikana.<br \/>\nEn sort som med tallriksstora (ca 18 cm), dubbla, underbart rosaa blomsom ofta har ljusare skiftning mot mitten samt m\u00f6rka basalfl\u00e4ckar. Blomman har en h\u00e4rlig doft som \u00e4r starkare \u00e4n hos vanliga \u00f6rtartade pioner.<\/p>\n<p>Eritt\u00e4in rajallinen m\u00e4\u00e4r\u00e4 hienoja taimia. Lyhyt info toimituksen mukana.<\/p>","protected":false},"featured_media":11117,"template":"","meta":[],"product_brand":[],"product_cat":[327],"product_tag":[],"class_list":{"0":"post-11125","1":"product","2":"type-product","3":"status-publish","4":"has-post-thumbnail","6":"product_cat-pioner","7":"product_shipping_class-postpaket","9":"first","10":"outofstock","11":"taxable","12":"shipping-taxable","13":"purchasable","14":"product-type-simple"},"_links":{"self":[{"href":"https:\/\/www3.blomqvistplantskola.com\/fi\/wp-json\/wp\/v2\/product\/11125","targetHints":{"allow":["GET"]}}],"collection":[{"href":"https:\/\/www3.blomqvistplantskola.com\/fi\/wp-json\/wp\/v2\/product"}],"about":[{"href":"https:\/\/www3.blomqvistplantskola.com\/fi\/wp-json\/wp\/v2\/types\/product"}],"wp:featuredmedia":[{"embeddable":true,"href":"https:\/\/www3.blomqvistplantskola.com\/fi\/wp-json\/wp\/v2\/media\/11117"}],"wp:attachment":[{"href":"https:\/\/www3.blomqvistplantskola.com\/fi\/wp-json\/wp\/v2\/media?parent=11125"}],"wp:term":[{"taxonomy":"product_brand","embeddable":true,"href":"https:\/\/www3.blomqvistplantskola.com\/fi\/wp-json\/wp\/v2\/product_brand?post=11125"},{"taxonomy":"product_cat","embeddable":true,"href":"https:\/\/www3.blomqvistplantskola.com\/fi\/wp-json\/wp\/v2\/product_cat?post=11125"},{"taxonomy":"product_tag","embeddable":true,"href":"https:\/\/www3.blomqvistplantskola.com\/fi\/wp-json\/wp\/v2\/product_tag?post=11125"}],"curies":[{"name":"wp","href":"https:\/\/api.w.org\/{rel}","templated":true}]}}