{"id":11127,"date":"2026-03-18T17:34:52","date_gmt":"2026-03-18T15:34:52","guid":{"rendered":"https:\/\/www3.blomqvistplantskola.com\/?post_type=product&#038;p=11127"},"modified":"2026-04-07T13:59:18","modified_gmt":"2026-04-07T11:59:18","slug":"rockii-buskpion-gansu-modan-gruppen-paeonia-rockii-ju-hua-hong","status":"publish","type":"product","link":"https:\/\/www3.blomqvistplantskola.com\/fi\/product\/rockii-buskpion-gansu-modan-gruppen-paeonia-rockii-ju-hua-hong\/","title":{"rendered":"<b>Rockii -pensaspioni - Gansu Modan ryhm\u00e4 <\/b><br>Paeonia Rockii `Ju Hua Hong\u00b4"},"content":{"rendered":"<p><strong>Kukan v\u00e4ri:<\/strong> r\u00f6d\/purpur med svart basalfl\u00e4ck<strong><br \/>\n<\/strong><strong>Kukinta-aika: <\/strong>keskiaikainen<strong><br \/>\nKukan muoto: <\/strong>enkel-halvfylld<strong><br \/>\n<\/strong><strong>Tuoksu: <\/strong>kyll\u00e4<br \/>\n<strong>Korkeus: <\/strong>1,5 - 2,5 m ( korkeus voi vaihdella riippuen kasvuvy\u00f6hykkeest\u00e4)<br \/>\n<strong>Toimituskoko:<\/strong> barrot, 2 &#8211; 6\u00a0 grenar<br \/>\n<strong>Lukum\u00e4\u00e4r\u00e4\/paketti:<\/strong> 1 kpl<\/p>","protected":false},"excerpt":{"rendered":"<p>Mycket efterfr\u00e5gad buskpion grupp fr\u00e5n Kina tack vare sin vinterh\u00e4rdighet. Har odlats med framg\u00e5ng \u00e4nda uppe i V\u00e4sterbotten, svenska zon 5. Rockii pioner \u00e4r mycket h\u00e4rdigare \u00e4n buskpioner fr\u00e5n suffruticosa gruppen som oftast s\u00e4ljs som busk\/tr\u00e4dpioner. Plantan \u00e4r relativt snabbv\u00e4xande och har stadiga, vedartade stj\u00e4lkar, \u00e4r frisk och har j\u00e4ttestora blom tidigt under pions\u00e4songen.<br \/>\nEn sort som med sina tallriksstora (ca 18-25 cm) blom och m\u00f6rka f\u00e4rg \u00e4r mycket attraktiv. Blomman har en h\u00e4rlig doft som \u00e4r starkare \u00e4n hos vanliga \u00f6rtartade pioner.<\/p>\n<p>Eritt\u00e4in rajallinen m\u00e4\u00e4r\u00e4 hienoja taimia. Lyhyt info toimituksen mukana.<\/p>","protected":false},"featured_media":11119,"template":"","meta":[],"product_brand":[],"product_cat":[327],"product_tag":[],"class_list":{"0":"post-11127","1":"product","2":"type-product","3":"status-publish","4":"has-post-thumbnail","6":"product_cat-pioner","7":"product_shipping_class-postpaket","9":"first","10":"outofstock","11":"taxable","12":"shipping-taxable","13":"purchasable","14":"product-type-simple"},"_links":{"self":[{"href":"https:\/\/www3.blomqvistplantskola.com\/fi\/wp-json\/wp\/v2\/product\/11127","targetHints":{"allow":["GET"]}}],"collection":[{"href":"https:\/\/www3.blomqvistplantskola.com\/fi\/wp-json\/wp\/v2\/product"}],"about":[{"href":"https:\/\/www3.blomqvistplantskola.com\/fi\/wp-json\/wp\/v2\/types\/product"}],"wp:featuredmedia":[{"embeddable":true,"href":"https:\/\/www3.blomqvistplantskola.com\/fi\/wp-json\/wp\/v2\/media\/11119"}],"wp:attachment":[{"href":"https:\/\/www3.blomqvistplantskola.com\/fi\/wp-json\/wp\/v2\/media?parent=11127"}],"wp:term":[{"taxonomy":"product_brand","embeddable":true,"href":"https:\/\/www3.blomqvistplantskola.com\/fi\/wp-json\/wp\/v2\/product_brand?post=11127"},{"taxonomy":"product_cat","embeddable":true,"href":"https:\/\/www3.blomqvistplantskola.com\/fi\/wp-json\/wp\/v2\/product_cat?post=11127"},{"taxonomy":"product_tag","embeddable":true,"href":"https:\/\/www3.blomqvistplantskola.com\/fi\/wp-json\/wp\/v2\/product_tag?post=11127"}],"curies":[{"name":"wp","href":"https:\/\/api.w.org\/{rel}","templated":true}]}}