{"id":11274,"date":"2026-03-31T15:45:04","date_gmt":"2026-03-31T13:45:04","guid":{"rendered":"https:\/\/www3.blomqvistplantskola.com\/?post_type=product&#038;p=11274"},"modified":"2026-03-31T15:49:39","modified_gmt":"2026-03-31T13:49:39","slug":"korsbars-grundstam-10-st-7-9mmprunus-avium-gisela-6","status":"publish","type":"product","link":"https:\/\/www3.blomqvistplantskola.com\/fi\/product\/korsbars-grundstam-10-st-7-9mmprunus-avium-gisela-6\/","title":{"rendered":"<b>K\u00f6rsb\u00e4rs grundstam 10 st (7-9mm)<\/b><br>Prunus avium `GiSelA 6\u00b4"},"content":{"rendered":"<p>Kaikki perusrunkomme ovat sertifioituja ja taatusti vapaita Erwiniasta (Tulipolte).<br \/>\nPaket med 10 st\/pack.<\/p>","protected":false},"excerpt":{"rendered":"<p>- Hillittykasvuinen perusrunko<br \/>\n- Puu, joka tulee satoik\u00e4\u00e4n usein jo 2-3 vuotta istutuksesta<br \/>\n-tr\u00e4den blir endast ca 40% mot sorter ympade p\u00e5 P. avium<br \/>\n- Tuuleentuu syksyll\u00e4 aikaisin<br \/>\n- Ei muodosta juuriversoja<br \/>\n- Puun latvuksen l\u00e4pimitta n. 2-3,5 m riippuen lajikkeesta ja kasvupaikasta<br \/>\n- On hyv\u00e4, ett\u00e4 perusrunko on her\u00e4illyt hiukan varttamisajankohtana<br \/>\n-FI zon 1-5. SE zon 1-6.<\/p>","protected":false},"featured_media":0,"template":"","meta":[],"product_brand":[],"product_cat":[250,312],"product_tag":[],"class_list":{"0":"post-11274","1":"product","2":"type-product","3":"status-publish","5":"product_cat-grundstammar","6":"product_cat-paketerbjudanden","7":"product_shipping_class-postpaket","9":"first","10":"instock","11":"sale","12":"taxable","13":"shipping-taxable","14":"purchasable","15":"product-type-simple"},"_links":{"self":[{"href":"https:\/\/www3.blomqvistplantskola.com\/fi\/wp-json\/wp\/v2\/product\/11274","targetHints":{"allow":["GET"]}}],"collection":[{"href":"https:\/\/www3.blomqvistplantskola.com\/fi\/wp-json\/wp\/v2\/product"}],"about":[{"href":"https:\/\/www3.blomqvistplantskola.com\/fi\/wp-json\/wp\/v2\/types\/product"}],"wp:attachment":[{"href":"https:\/\/www3.blomqvistplantskola.com\/fi\/wp-json\/wp\/v2\/media?parent=11274"}],"wp:term":[{"taxonomy":"product_brand","embeddable":true,"href":"https:\/\/www3.blomqvistplantskola.com\/fi\/wp-json\/wp\/v2\/product_brand?post=11274"},{"taxonomy":"product_cat","embeddable":true,"href":"https:\/\/www3.blomqvistplantskola.com\/fi\/wp-json\/wp\/v2\/product_cat?post=11274"},{"taxonomy":"product_tag","embeddable":true,"href":"https:\/\/www3.blomqvistplantskola.com\/fi\/wp-json\/wp\/v2\/product_tag?post=11274"}],"curies":[{"name":"wp","href":"https:\/\/api.w.org\/{rel}","templated":true}]}}