{"id":11282,"date":"2026-04-01T07:09:53","date_gmt":"2026-04-01T05:09:53","guid":{"rendered":"https:\/\/www3.blomqvistplantskola.com\/?post_type=product&#038;p=11282"},"modified":"2026-04-27T22:15:12","modified_gmt":"2026-04-27T20:15:12","slug":"storblommig-klematisclematis-fuyu-no-tabi","status":"publish","type":"product","link":"https:\/\/www3.blomqvistplantskola.com\/fi\/product\/storblommig-klematisclematis-fuyu-no-tabi\/","title":{"rendered":"<b>Suurikukkainen k\u00e4rh\u00f6<\/b><br>Clematis `Fuyu-no-tabi\u00b4"},"content":{"rendered":"<p>Kevyttaimi 11 cm:n ruukussa.<\/p>","protected":false},"excerpt":{"rendered":"<div class=\"fl-module fl-module-rich-text fl-node-won2pua61ih0\" data-node=\"won2pua61ih0\">\n<div class=\"fl-module-content fl-node-content\">\n<div class=\"fl-rich-text\">\n<p>Risteym\u00e4 Japanista, jolla on suuret, kauniit kermanvalkoiset kukat (halk. 15-18 cm) loppukes\u00e4n ja syksyn aikana. Kukan punaiset ponnet valkoisen heteen p\u00e4\u00e4ss\u00e4 tuovat kaunista kontrastia. Leikkaa mielell\u00e4\u00e4n puolet korkeudesta pois istutuksen yhteydess\u00e4, ja istuta syvemp\u00e4\u00e4n, kuin mit\u00e4 kasvi on ruukussa, jotta saat parhaan lopputuloksen.<\/p>\n<\/div>\n<\/div>\n<\/div>\n<p><strong>Vy\u00f6hyke: <\/strong>FI 1-3. SE 1-4.<br \/>\n<strong>Korkeus:<\/strong> 1,5-2 m<\/p>\n<p>&nbsp;<\/p>\n<p><span style=\"font-family: Arial, serif;\"><span style=\"font-size: medium;\">\u00a0<\/span><\/span><\/p>","protected":false},"featured_media":0,"template":"","meta":[],"product_brand":[],"product_cat":[253],"product_tag":[],"class_list":{"0":"post-11282","1":"product","2":"type-product","3":"status-publish","5":"product_cat-prydnadsbuskar","6":"product_shipping_class-postpaket","8":"first","9":"instock","10":"sale","11":"taxable","12":"shipping-taxable","13":"purchasable","14":"product-type-simple"},"_links":{"self":[{"href":"https:\/\/www3.blomqvistplantskola.com\/fi\/wp-json\/wp\/v2\/product\/11282","targetHints":{"allow":["GET"]}}],"collection":[{"href":"https:\/\/www3.blomqvistplantskola.com\/fi\/wp-json\/wp\/v2\/product"}],"about":[{"href":"https:\/\/www3.blomqvistplantskola.com\/fi\/wp-json\/wp\/v2\/types\/product"}],"wp:attachment":[{"href":"https:\/\/www3.blomqvistplantskola.com\/fi\/wp-json\/wp\/v2\/media?parent=11282"}],"wp:term":[{"taxonomy":"product_brand","embeddable":true,"href":"https:\/\/www3.blomqvistplantskola.com\/fi\/wp-json\/wp\/v2\/product_brand?post=11282"},{"taxonomy":"product_cat","embeddable":true,"href":"https:\/\/www3.blomqvistplantskola.com\/fi\/wp-json\/wp\/v2\/product_cat?post=11282"},{"taxonomy":"product_tag","embeddable":true,"href":"https:\/\/www3.blomqvistplantskola.com\/fi\/wp-json\/wp\/v2\/product_tag?post=11282"}],"curies":[{"name":"wp","href":"https:\/\/api.w.org\/{rel}","templated":true}]}}