{"id":11283,"date":"2026-04-01T08:10:17","date_gmt":"2026-04-01T06:10:17","guid":{"rendered":"https:\/\/www3.blomqvistplantskola.com\/?post_type=product&#038;p=11283"},"modified":"2026-04-04T15:37:22","modified_gmt":"2026-04-04T13:37:22","slug":"italiensk-klematisclematis-viticella-hybr-mrs-tage-lundell","status":"publish","type":"product","link":"https:\/\/www3.blomqvistplantskola.com\/fi\/product\/italiensk-klematisclematis-viticella-hybr-mrs-tage-lundell\/","title":{"rendered":"<b>Tarha-alppik\u00e4rh\u00f6<\/b><br>Clematis viticella hybr. `Mrs Tage Lundell\u00b4"},"content":{"rendered":"<p>Kevyttaimi 11 cm:n ruukussa.<\/p>","protected":false},"excerpt":{"rendered":"<div class=\"fl-module fl-module-rich-text fl-node-won2pua61ih0\" data-node=\"won2pua61ih0\">\n<div class=\"fl-module-content fl-node-content\">\n<div class=\"fl-rich-text\">\n<p>Fantastisen hieno ja kasvattamisen arvoinen k\u00e4rh\u00f6 ruotsalaisella alkuper\u00e4ll\u00e4. Kukka on yksinkertainen, roosanvioletti, suuri (n.8sm) ja avoin. Kukat ovat nuokkuvat, ja niidet heteet ovat vihre\u00e4t, ponsi keltainen. Muodostaa syksyll\u00e4 siemenkotia, joita voi k\u00e4ytt\u00e4\u00e4 leikkokukkana. Voidaan kasvattaa my\u00f6s suuressa ruukussa. Pitk\u00e4 ja runsas kukinta hein\u00e4-syyskuussa. Leikataan syksyll\u00e4\/aikaisin kev\u00e4\u00e4ll\u00e4 suunnilleen 25 cm maan pinnasta. Siet\u00e4\u00e4 varjoisemempiakin paikkoja. Leikkaa mielell\u00e4\u00e4n puolet korkeudesta pois istutuksen yhteydess\u00e4, ja istuta syvemp\u00e4\u00e4n, kuin  mit\u00e4 kasvi on ruukussa, jotta saat parhaan lopputuloksen.<\/p>\n<\/div>\n<\/div>\n<\/div>\n<p><strong>Vy\u00f6hyke: <\/strong>FI 1-4. SE 1-5.<br \/>\n<strong>Korkeus:<\/strong> 2,5 &#8211; 3 m<\/p>\n<p>&nbsp;<\/p>\n<p><span style=\"font-family: Arial, serif;\"><span style=\"font-size: medium;\">\u00a0<\/span><\/span><\/p>","protected":false},"featured_media":0,"template":"","meta":[],"product_brand":[],"product_cat":[253],"product_tag":[],"class_list":{"0":"post-11283","1":"product","2":"type-product","3":"status-publish","5":"product_cat-prydnadsbuskar","6":"product_shipping_class-postpaket","8":"first","9":"instock","10":"sale","11":"taxable","12":"shipping-taxable","13":"purchasable","14":"product-type-simple"},"_links":{"self":[{"href":"https:\/\/www3.blomqvistplantskola.com\/fi\/wp-json\/wp\/v2\/product\/11283","targetHints":{"allow":["GET"]}}],"collection":[{"href":"https:\/\/www3.blomqvistplantskola.com\/fi\/wp-json\/wp\/v2\/product"}],"about":[{"href":"https:\/\/www3.blomqvistplantskola.com\/fi\/wp-json\/wp\/v2\/types\/product"}],"wp:attachment":[{"href":"https:\/\/www3.blomqvistplantskola.com\/fi\/wp-json\/wp\/v2\/media?parent=11283"}],"wp:term":[{"taxonomy":"product_brand","embeddable":true,"href":"https:\/\/www3.blomqvistplantskola.com\/fi\/wp-json\/wp\/v2\/product_brand?post=11283"},{"taxonomy":"product_cat","embeddable":true,"href":"https:\/\/www3.blomqvistplantskola.com\/fi\/wp-json\/wp\/v2\/product_cat?post=11283"},{"taxonomy":"product_tag","embeddable":true,"href":"https:\/\/www3.blomqvistplantskola.com\/fi\/wp-json\/wp\/v2\/product_tag?post=11283"}],"curies":[{"name":"wp","href":"https:\/\/api.w.org\/{rel}","templated":true}]}}