{"id":11284,"date":"2026-04-01T08:16:26","date_gmt":"2026-04-01T06:16:26","guid":{"rendered":"https:\/\/www3.blomqvistplantskola.com\/?post_type=product&#038;p=11284"},"modified":"2026-04-01T08:19:27","modified_gmt":"2026-04-01T06:19:27","slug":"storblommig-klematisclematis-the-president","status":"publish","type":"product","link":"https:\/\/www3.blomqvistplantskola.com\/fi\/product\/storblommig-klematisclematis-the-president\/","title":{"rendered":"<b>Suurikukkainen k\u00e4rh\u00f6<\/b><br>Clematis `The President\u00b4"},"content":{"rendered":"<p>Kevyttaimi 11 cm:n ruukussa.<\/p>","protected":false},"excerpt":{"rendered":"<div class=\"fl-module fl-module-rich-text fl-node-won2pua61ih0\" data-node=\"won2pua61ih0\">\n<div class=\"fl-module-content fl-node-content\">\n<div class=\"fl-rich-text\">\n<p>Suosittu suurikukkainen k\u00e4rh\u00f6. Kukat ovat suuria, syv\u00e4nsinisi\u00e4-liloja ja halkaisijaltaan usein  n. 15-18 cm. Kukka on yksinkertainen, ja sen heteiden kontrastiv\u00e4riset, valkoiset ponnet korostavat kukan v\u00e4ri\u00e4 ja kauneutta. Pitk\u00e4 kukinta-aika.  Leikkaa mielell\u00e4\u00e4n puolet korkeudesta pois istutuksen yhteydess\u00e4, ja istuta syvemp\u00e4\u00e4n, kuin mit\u00e4 kasvi on ruukussa, jotta saat parhaan lopputuloksen.<\/p>\n<\/div>\n<\/div>\n<\/div>\n<p><strong>Vy\u00f6hyke: <\/strong>FI 1-3. SE 1-4.<br \/>\n<strong>Korkeus:<\/strong> 2,5 &#8211; 3 m<\/p>\n<p>&nbsp;<\/p>\n<p><span style=\"font-family: Arial, serif;\"><span style=\"font-size: medium;\">\u00a0<\/span><\/span><\/p>","protected":false},"featured_media":0,"template":"","meta":[],"product_brand":[],"product_cat":[253],"product_tag":[],"class_list":{"0":"post-11284","1":"product","2":"type-product","3":"status-publish","5":"product_cat-prydnadsbuskar","6":"product_shipping_class-postpaket","8":"first","9":"instock","10":"sale","11":"taxable","12":"shipping-taxable","13":"purchasable","14":"product-type-simple"},"_links":{"self":[{"href":"https:\/\/www3.blomqvistplantskola.com\/fi\/wp-json\/wp\/v2\/product\/11284","targetHints":{"allow":["GET"]}}],"collection":[{"href":"https:\/\/www3.blomqvistplantskola.com\/fi\/wp-json\/wp\/v2\/product"}],"about":[{"href":"https:\/\/www3.blomqvistplantskola.com\/fi\/wp-json\/wp\/v2\/types\/product"}],"wp:attachment":[{"href":"https:\/\/www3.blomqvistplantskola.com\/fi\/wp-json\/wp\/v2\/media?parent=11284"}],"wp:term":[{"taxonomy":"product_brand","embeddable":true,"href":"https:\/\/www3.blomqvistplantskola.com\/fi\/wp-json\/wp\/v2\/product_brand?post=11284"},{"taxonomy":"product_cat","embeddable":true,"href":"https:\/\/www3.blomqvistplantskola.com\/fi\/wp-json\/wp\/v2\/product_cat?post=11284"},{"taxonomy":"product_tag","embeddable":true,"href":"https:\/\/www3.blomqvistplantskola.com\/fi\/wp-json\/wp\/v2\/product_tag?post=11284"}],"curies":[{"name":"wp","href":"https:\/\/api.w.org\/{rel}","templated":true}]}}