{"id":11285,"date":"2026-04-01T08:19:43","date_gmt":"2026-04-01T06:19:43","guid":{"rendered":"https:\/\/www3.blomqvistplantskola.com\/?post_type=product&#038;p=11285"},"modified":"2026-04-24T12:15:54","modified_gmt":"2026-04-24T10:15:54","slug":"italiensk-klematisclematis-viticella-hybr-vitiwester","status":"publish","type":"product","link":"https:\/\/www3.blomqvistplantskola.com\/fi\/product\/italiensk-klematisclematis-viticella-hybr-vitiwester\/","title":{"rendered":"<b>Tarha-alppik\u00e4rh\u00f6<\/b><br>Clematis viticella hybr. `Vitiwester\u00b4"},"content":{"rendered":"<p>Kevyttaimi 11 cm:n ruukussa.<\/p>","protected":false},"excerpt":{"rendered":"<div class=\"fl-module fl-module-rich-text fl-node-won2pua61ih0\" data-node=\"won2pua61ih0\">\n<div class=\"fl-module-content fl-node-content\">\n<div class=\"fl-rich-text\">\n<p>Vitiwester on Klematis Westerplatten ja kroatialaisen villik\u00e4rh\u00f6 viticellan risteym\u00e4. Sit\u00e4 kutsutaan my\u00f6s nimell\u00e4 Burning Love. Lajikkeella on suuret syv\u00e4npunaiset, samettipintaiset kukat. Kukkii hein\u00e4kuusta lokakuun alkuun. Sopii hyvin ruukkuun, pylv\u00e4iden ymp\u00e4rille ja kev\u00e4\u00e4ll\u00e4 kukkivien puiden ja pensaiden kanssa istutettavaksi. Vastustuskykyinen kuihtumistautia vastaan. Leikkaa syksyll\u00e4\/ aikaisin kev\u00e4\u00e4ll\u00e4 noin 25 cm maanpinnasta. Siet\u00e4\u00e4 my\u00f6s varjoisempia paikkoja. Leikkaa mielell\u00e4\u00e4n puolet korkeudesta pois istutuksen yhteydess\u00e4, ja istuta syvemp\u00e4\u00e4n, kuin mit\u00e4 kasvi on ruukussa, jotta saat parhaan lopputuloksen.<\/p>\n<\/div>\n<\/div>\n<\/div>\n<p><strong>Vy\u00f6hyke: <\/strong>FI 1-4. SE 1-5.<br \/>\n<strong>Korkeus:<\/strong> 2 &#8211; 3 m<\/p>\n<p>&nbsp;<\/p>\n<p><span style=\"font-family: Arial, serif;\"><span style=\"font-size: medium;\">\u00a0<\/span><\/span><\/p>","protected":false},"featured_media":0,"template":"","meta":[],"product_brand":[],"product_cat":[253],"product_tag":[],"class_list":{"0":"post-11285","1":"product","2":"type-product","3":"status-publish","5":"product_cat-prydnadsbuskar","6":"product_shipping_class-postpaket","8":"first","9":"instock","10":"sale","11":"taxable","12":"shipping-taxable","13":"purchasable","14":"product-type-simple"},"_links":{"self":[{"href":"https:\/\/www3.blomqvistplantskola.com\/fi\/wp-json\/wp\/v2\/product\/11285","targetHints":{"allow":["GET"]}}],"collection":[{"href":"https:\/\/www3.blomqvistplantskola.com\/fi\/wp-json\/wp\/v2\/product"}],"about":[{"href":"https:\/\/www3.blomqvistplantskola.com\/fi\/wp-json\/wp\/v2\/types\/product"}],"wp:attachment":[{"href":"https:\/\/www3.blomqvistplantskola.com\/fi\/wp-json\/wp\/v2\/media?parent=11285"}],"wp:term":[{"taxonomy":"product_brand","embeddable":true,"href":"https:\/\/www3.blomqvistplantskola.com\/fi\/wp-json\/wp\/v2\/product_brand?post=11285"},{"taxonomy":"product_cat","embeddable":true,"href":"https:\/\/www3.blomqvistplantskola.com\/fi\/wp-json\/wp\/v2\/product_cat?post=11285"},{"taxonomy":"product_tag","embeddable":true,"href":"https:\/\/www3.blomqvistplantskola.com\/fi\/wp-json\/wp\/v2\/product_tag?post=11285"}],"curies":[{"name":"wp","href":"https:\/\/api.w.org\/{rel}","templated":true}]}}