{"id":11292,"date":"2026-04-01T12:27:13","date_gmt":"2026-04-01T10:27:13","guid":{"rendered":"https:\/\/www3.blomqvistplantskola.com\/?post_type=product&#038;p=11292"},"modified":"2026-04-22T16:02:10","modified_gmt":"2026-04-22T14:02:10","slug":"ullvidesalix-lanata","status":"publish","type":"product","link":"https:\/\/www3.blomqvistplantskola.com\/fi\/product\/ullvidesalix-lanata\/","title":{"rendered":"<b>Villapaju<\/b><br>Salix lanata"},"content":{"rendered":"<p>Kevyttaimi 2 litran ruukussa.<\/p>","protected":false},"excerpt":{"rendered":"<p>Pieni, tihe\u00e4 pensas, jolla hopeanhohtoiset, nukkaiset lehdet ja huhtikuussa keltaiset norkot. K\u00e4ytet\u00e4\u00e4n ensisijaisesti maanpeittopensaana aurinkoisilla paikoilla. Kaunis istutettuna yhdess\u00e4 punalehtisten pensaiden kanssa.<\/p>\n<p><strong>Vy\u00f6hyke: <\/strong>FI 1-7. SE 1-7\/8.<br \/>\n<strong>Korkeus: <\/strong>0,8 &#8211; 1,5 m<\/p>\n<p>&nbsp;<\/p>\n<p><span style=\"font-family: Arial, serif;\"><span style=\"font-size: medium;\">\u00a0<\/span><\/span><\/p>","protected":false},"featured_media":0,"template":"","meta":[],"product_brand":[],"product_cat":[253],"product_tag":[],"class_list":{"0":"post-11292","1":"product","2":"type-product","3":"status-publish","5":"product_cat-prydnadsbuskar","6":"product_shipping_class-postpaket","8":"first","9":"instock","10":"taxable","11":"shipping-taxable","12":"purchasable","13":"product-type-simple"},"_links":{"self":[{"href":"https:\/\/www3.blomqvistplantskola.com\/fi\/wp-json\/wp\/v2\/product\/11292","targetHints":{"allow":["GET"]}}],"collection":[{"href":"https:\/\/www3.blomqvistplantskola.com\/fi\/wp-json\/wp\/v2\/product"}],"about":[{"href":"https:\/\/www3.blomqvistplantskola.com\/fi\/wp-json\/wp\/v2\/types\/product"}],"wp:attachment":[{"href":"https:\/\/www3.blomqvistplantskola.com\/fi\/wp-json\/wp\/v2\/media?parent=11292"}],"wp:term":[{"taxonomy":"product_brand","embeddable":true,"href":"https:\/\/www3.blomqvistplantskola.com\/fi\/wp-json\/wp\/v2\/product_brand?post=11292"},{"taxonomy":"product_cat","embeddable":true,"href":"https:\/\/www3.blomqvistplantskola.com\/fi\/wp-json\/wp\/v2\/product_cat?post=11292"},{"taxonomy":"product_tag","embeddable":true,"href":"https:\/\/www3.blomqvistplantskola.com\/fi\/wp-json\/wp\/v2\/product_tag?post=11292"}],"curies":[{"name":"wp","href":"https:\/\/api.w.org\/{rel}","templated":true}]}}