{"id":11389,"date":"2026-04-08T15:01:09","date_gmt":"2026-04-08T13:01:09","guid":{"rendered":"https:\/\/www3.blomqvistplantskola.com\/?post_type=product&#038;p=11389"},"modified":"2026-04-13T20:52:24","modified_gmt":"2026-04-13T18:52:24","slug":"hortensiahydrangea-paniculata-little-spooky","status":"publish","type":"product","link":"https:\/\/www3.blomqvistplantskola.com\/fi\/product\/hortensiahydrangea-paniculata-little-spooky\/","title":{"rendered":"<b>Hortensia<\/b><br>Hydrangea paniculata `Little Spooky\u00b4"},"content":{"rendered":"<p>Kevyttaimi 9 cm:n ruukussa.<\/p>","protected":false},"excerpt":{"rendered":"<p>Ihastuttava runsaskukkainen, matalakasvuinen ja kaunis uutuus, jolla on suuret kukat. Sopii mainiosti ruukkukasvatukseen tai reunuskasviksi. Kukinta k\u00e4ynnistyy hein\u00e4kuun lopulla jatkuen koko syksyn. Aluksi kermanvalkoiset kukat saavat v\u00e4hitellen vaalean limevihre\u00e4n\/valkoisen s\u00e4vyj\u00e4. Kukkatertut s\u00e4ilyv\u00e4t syksyll\u00e4 pitk\u00e4\u00e4n ennen lakastumistaan, ja ovat viel\u00e4 talvellakin koristeellisia. Kaunein aurinkoisella paikalla, multavassa maassa, maan pH: n ollessa matala.<\/p>\n<p><strong>Vy\u00f6hyke: <\/strong>FI 1-3(4). SE 1-4(5).<br \/>\n<strong>Korkeus: <\/strong>0,4 &#8211; 0,6 m<\/p>\n<p>&nbsp;<\/p>\n<p><span style=\"font-family: Arial, serif;\"><span style=\"font-size: medium;\">\u00a0<\/span><\/span><\/p>","protected":false},"featured_media":0,"template":"","meta":[],"product_brand":[],"product_cat":[253],"product_tag":[],"class_list":{"0":"post-11389","1":"product","2":"type-product","3":"status-publish","5":"product_cat-prydnadsbuskar","6":"product_shipping_class-postpaket","8":"first","9":"instock","10":"taxable","11":"shipping-taxable","12":"purchasable","13":"product-type-simple"},"_links":{"self":[{"href":"https:\/\/www3.blomqvistplantskola.com\/fi\/wp-json\/wp\/v2\/product\/11389","targetHints":{"allow":["GET"]}}],"collection":[{"href":"https:\/\/www3.blomqvistplantskola.com\/fi\/wp-json\/wp\/v2\/product"}],"about":[{"href":"https:\/\/www3.blomqvistplantskola.com\/fi\/wp-json\/wp\/v2\/types\/product"}],"wp:attachment":[{"href":"https:\/\/www3.blomqvistplantskola.com\/fi\/wp-json\/wp\/v2\/media?parent=11389"}],"wp:term":[{"taxonomy":"product_brand","embeddable":true,"href":"https:\/\/www3.blomqvistplantskola.com\/fi\/wp-json\/wp\/v2\/product_brand?post=11389"},{"taxonomy":"product_cat","embeddable":true,"href":"https:\/\/www3.blomqvistplantskola.com\/fi\/wp-json\/wp\/v2\/product_cat?post=11389"},{"taxonomy":"product_tag","embeddable":true,"href":"https:\/\/www3.blomqvistplantskola.com\/fi\/wp-json\/wp\/v2\/product_tag?post=11389"}],"curies":[{"name":"wp","href":"https:\/\/api.w.org\/{rel}","templated":true}]}}