{"id":11390,"date":"2026-04-08T15:13:10","date_gmt":"2026-04-08T13:13:10","guid":{"rendered":"https:\/\/www3.blomqvistplantskola.com\/?post_type=product&#038;p=11390"},"modified":"2026-04-20T15:44:26","modified_gmt":"2026-04-20T13:44:26","slug":"hortensiahydrangea-paniculata-groundbreaker-blush","status":"publish","type":"product","link":"https:\/\/www3.blomqvistplantskola.com\/fi\/product\/hortensiahydrangea-paniculata-groundbreaker-blush\/","title":{"rendered":"<b>Hortensia<\/b><br>Hydrangea paniculata `Groundbreaker Blush\u00b4"},"content":{"rendered":"<p>Taimi 1,5 litran ruukussa.<\/p>","protected":false},"excerpt":{"rendered":"<p>Fantastinen uutuus, joka on jo saanut useita tunnustuksia! Kaunis pienikasvuinen hortensia, jolla on suuret kukat loppukes\u00e4ll\u00e4 ja syksyll\u00e4. Kukka on ensin valkoinen ja muuttuu v\u00e4hitellen vaaleanpunaiseksi ja my\u00f6hemmin tummanroosaksi. Varsinainen v\u00e4rileikki kukan erilaisilla s\u00e4vyill\u00e4. Sopii mainiosti ruukkukasvatukseen ja reunuskasviksi. Kaunein aurinkoisella paikalla happamassa, multavassa maassa. Ruukuissa kasvavat taimet talvetetaan paikassa, jossa l\u00e4mp\u00f6tila ei laske pakkasen puolelle.<\/p>\n<p><strong>Vy\u00f6hyke: <\/strong>FI 1-3(4). SE 1-4(5).<br \/>\n<strong>Korkeus: <\/strong>0,3 &#8211; 0,4 m<\/p>\n<p>&nbsp;<\/p>\n<p><span style=\"font-family: Arial, serif;\"><span style=\"font-size: medium;\">\u00a0<\/span><\/span><\/p>","protected":false},"featured_media":0,"template":"","meta":[],"product_brand":[],"product_cat":[253],"product_tag":[],"class_list":{"0":"post-11390","1":"product","2":"type-product","3":"status-publish","5":"product_cat-prydnadsbuskar","6":"product_shipping_class-postpaket","8":"first","9":"instock","10":"taxable","11":"shipping-taxable","12":"purchasable","13":"product-type-simple"},"_links":{"self":[{"href":"https:\/\/www3.blomqvistplantskola.com\/fi\/wp-json\/wp\/v2\/product\/11390","targetHints":{"allow":["GET"]}}],"collection":[{"href":"https:\/\/www3.blomqvistplantskola.com\/fi\/wp-json\/wp\/v2\/product"}],"about":[{"href":"https:\/\/www3.blomqvistplantskola.com\/fi\/wp-json\/wp\/v2\/types\/product"}],"wp:attachment":[{"href":"https:\/\/www3.blomqvistplantskola.com\/fi\/wp-json\/wp\/v2\/media?parent=11390"}],"wp:term":[{"taxonomy":"product_brand","embeddable":true,"href":"https:\/\/www3.blomqvistplantskola.com\/fi\/wp-json\/wp\/v2\/product_brand?post=11390"},{"taxonomy":"product_cat","embeddable":true,"href":"https:\/\/www3.blomqvistplantskola.com\/fi\/wp-json\/wp\/v2\/product_cat?post=11390"},{"taxonomy":"product_tag","embeddable":true,"href":"https:\/\/www3.blomqvistplantskola.com\/fi\/wp-json\/wp\/v2\/product_tag?post=11390"}],"curies":[{"name":"wp","href":"https:\/\/api.w.org\/{rel}","templated":true}]}}