{"id":11391,"date":"2026-04-08T15:25:52","date_gmt":"2026-04-08T13:25:52","guid":{"rendered":"https:\/\/www3.blomqvistplantskola.com\/?post_type=product&#038;p=11391"},"modified":"2026-04-08T15:29:27","modified_gmt":"2026-04-08T13:29:27","slug":"klangros-rosa-white-new-dawn","status":"publish","type":"product","link":"https:\/\/www3.blomqvistplantskola.com\/fi\/product\/klangros-rosa-white-new-dawn\/","title":{"rendered":"<b>Kl\u00e4ngros <\/b><br>Rosa `White New Dawn\u00b4"},"content":{"rendered":"<p>Taimi 2 litran ruukussa.<\/p>","protected":false},"excerpt":{"rendered":"<p>Starkv\u00e4xande kl\u00e4tterros med frisk, blanka, m\u00f6rkgr\u00f6na blad. Blommar med vita, fruktdoftande blom fr\u00e5n juli och remonterar l\u00e4ngs med h\u00f6sten. Trivs b\u00e4st p\u00e5 solig plats i kalk- och mullrik jord.<\/p>\n<p><strong>Vy\u00f6hyke: <\/strong>FI 1-3. SE 1-4.<br \/>\n<strong>Korkeus: <\/strong>2 &#8211; 4 m<\/p>","protected":false},"featured_media":0,"template":"","meta":[],"product_brand":[],"product_cat":[255],"product_tag":[],"class_list":{"0":"post-11391","1":"product","2":"type-product","3":"status-publish","5":"product_cat-rosor","6":"product_shipping_class-postpaket","8":"first","9":"instock","10":"taxable","11":"shipping-taxable","12":"purchasable","13":"product-type-simple"},"_links":{"self":[{"href":"https:\/\/www3.blomqvistplantskola.com\/fi\/wp-json\/wp\/v2\/product\/11391","targetHints":{"allow":["GET"]}}],"collection":[{"href":"https:\/\/www3.blomqvistplantskola.com\/fi\/wp-json\/wp\/v2\/product"}],"about":[{"href":"https:\/\/www3.blomqvistplantskola.com\/fi\/wp-json\/wp\/v2\/types\/product"}],"wp:attachment":[{"href":"https:\/\/www3.blomqvistplantskola.com\/fi\/wp-json\/wp\/v2\/media?parent=11391"}],"wp:term":[{"taxonomy":"product_brand","embeddable":true,"href":"https:\/\/www3.blomqvistplantskola.com\/fi\/wp-json\/wp\/v2\/product_brand?post=11391"},{"taxonomy":"product_cat","embeddable":true,"href":"https:\/\/www3.blomqvistplantskola.com\/fi\/wp-json\/wp\/v2\/product_cat?post=11391"},{"taxonomy":"product_tag","embeddable":true,"href":"https:\/\/www3.blomqvistplantskola.com\/fi\/wp-json\/wp\/v2\/product_tag?post=11391"}],"curies":[{"name":"wp","href":"https:\/\/api.w.org\/{rel}","templated":true}]}}