{"id":11400,"date":"2026-04-09T08:01:22","date_gmt":"2026-04-09T06:01:22","guid":{"rendered":"https:\/\/www3.blomqvistplantskola.com\/?post_type=product&#038;p=11400"},"modified":"2026-04-09T08:08:05","modified_gmt":"2026-04-09T06:08:05","slug":"dvargsyrensyringa-meyeri-palibin","status":"publish","type":"product","link":"https:\/\/www3.blomqvistplantskola.com\/fi\/product\/dvargsyrensyringa-meyeri-palibin\/","title":{"rendered":"<b>Dv\u00e4rgsyren<\/b><br>Syringa meyeri `Palibin\u00b4"},"content":{"rendered":"<p>V\u00e4lf\u00f6rgrenad ungplanta i 10,5 cm:s kruka.<\/p>","protected":false},"excerpt":{"rendered":"<p>Mycket omtyckt dv\u00e4rgsyren med vackert rundat v\u00e4xts\u00e4tt. Rikligt med ljuslila, doftande blom. Knopparna \u00e4r m\u00e4rkbart m\u00f6rkare i f\u00e4rgen \u00e4n utslagna blom. Utm\u00e4rkt b\u00e5de friv\u00e4xande, i buskagen samt som h\u00e4ck. En vacker, kompakt syren som passar \u00e4ven p\u00e5 mindre g\u00e5rdar och i st\u00f6rre krukor!<\/p>\n<p><strong>Vy\u00f6hyke: <\/strong>FI 1-3\/4. SE 1-4.<br \/>\n<strong>Korkeus: <\/strong>0,8 &#8211; 1,2 m<\/p>\n<p>&nbsp;<\/p>\n<p><span style=\"font-family: Arial, serif;\"><span style=\"font-size: medium;\">\u00a0<\/span><\/span><\/p>","protected":false},"featured_media":0,"template":"","meta":[],"product_brand":[],"product_cat":[253],"product_tag":[],"class_list":{"0":"post-11400","1":"product","2":"type-product","3":"status-publish","5":"product_cat-prydnadsbuskar","6":"product_shipping_class-postpaket","8":"first","9":"instock","10":"taxable","11":"shipping-taxable","12":"purchasable","13":"product-type-simple"},"_links":{"self":[{"href":"https:\/\/www3.blomqvistplantskola.com\/fi\/wp-json\/wp\/v2\/product\/11400","targetHints":{"allow":["GET"]}}],"collection":[{"href":"https:\/\/www3.blomqvistplantskola.com\/fi\/wp-json\/wp\/v2\/product"}],"about":[{"href":"https:\/\/www3.blomqvistplantskola.com\/fi\/wp-json\/wp\/v2\/types\/product"}],"wp:attachment":[{"href":"https:\/\/www3.blomqvistplantskola.com\/fi\/wp-json\/wp\/v2\/media?parent=11400"}],"wp:term":[{"taxonomy":"product_brand","embeddable":true,"href":"https:\/\/www3.blomqvistplantskola.com\/fi\/wp-json\/wp\/v2\/product_brand?post=11400"},{"taxonomy":"product_cat","embeddable":true,"href":"https:\/\/www3.blomqvistplantskola.com\/fi\/wp-json\/wp\/v2\/product_cat?post=11400"},{"taxonomy":"product_tag","embeddable":true,"href":"https:\/\/www3.blomqvistplantskola.com\/fi\/wp-json\/wp\/v2\/product_tag?post=11400"}],"curies":[{"name":"wp","href":"https:\/\/api.w.org\/{rel}","templated":true}]}}