{"id":11401,"date":"2026-04-09T08:08:22","date_gmt":"2026-04-09T06:08:22","guid":{"rendered":"https:\/\/www3.blomqvistplantskola.com\/?post_type=product&#038;p=11401"},"modified":"2026-04-09T08:21:00","modified_gmt":"2026-04-09T06:21:00","slug":"dvargsyrensyringa-bloomerang-dark-purple","status":"publish","type":"product","link":"https:\/\/www3.blomqvistplantskola.com\/fi\/product\/dvargsyrensyringa-bloomerang-dark-purple\/","title":{"rendered":"<b>K\u00e4\u00e4pi\u00f6syreeni<\/b><br>Syringa Bloomerang Dark Purple"},"content":{"rendered":"<p>Taimi 2,5 litran ruukussa.<\/p>","protected":false},"excerpt":{"rendered":"<p>Remontoiva syreeni! Kaunis pienikasvuinen syreeni, jolla py\u00f6re\u00e4hk\u00f6 kasvutapa. Runsaasti pieni\u00e4, purppuranv\u00e4risi\u00e4, voimakkaantuoksuisia kukkia. Nuput ovat huomattavasti tummemmat, kuin auenneet kukat. <span class=\"BxUVEf ILfuVd\" lang=\"sv\"><span class=\"hgKElc pOOWX\">Lajike remontoi (kukkii uudelleen) yksitt\u00e4isin kukin lyhyen tauon j\u00e4lkeen. <\/span><\/span>\u00a0Kaunis, kompakti syreeni, joka sopii my\u00f6s pienempiin pihoihin ja suurempiin ruukkuihin.<\/p>\n<p><strong>Vy\u00f6hyke: <\/strong>FI 1-3\/4. SE 1-4.<br \/>\n<strong>Korkeus: <\/strong>1,2 &#8211; 1,8 m<\/p>\n<p>&nbsp;<\/p>\n<p><span style=\"font-family: Arial, serif;\"><span style=\"font-size: medium;\">\u00a0<\/span><\/span><\/p>","protected":false},"featured_media":0,"template":"","meta":[],"product_brand":[],"product_cat":[253],"product_tag":[],"class_list":{"0":"post-11401","1":"product","2":"type-product","3":"status-publish","5":"product_cat-prydnadsbuskar","6":"product_shipping_class-postpaket","8":"first","9":"instock","10":"taxable","11":"shipping-taxable","12":"purchasable","13":"product-type-simple"},"_links":{"self":[{"href":"https:\/\/www3.blomqvistplantskola.com\/fi\/wp-json\/wp\/v2\/product\/11401","targetHints":{"allow":["GET"]}}],"collection":[{"href":"https:\/\/www3.blomqvistplantskola.com\/fi\/wp-json\/wp\/v2\/product"}],"about":[{"href":"https:\/\/www3.blomqvistplantskola.com\/fi\/wp-json\/wp\/v2\/types\/product"}],"wp:attachment":[{"href":"https:\/\/www3.blomqvistplantskola.com\/fi\/wp-json\/wp\/v2\/media?parent=11401"}],"wp:term":[{"taxonomy":"product_brand","embeddable":true,"href":"https:\/\/www3.blomqvistplantskola.com\/fi\/wp-json\/wp\/v2\/product_brand?post=11401"},{"taxonomy":"product_cat","embeddable":true,"href":"https:\/\/www3.blomqvistplantskola.com\/fi\/wp-json\/wp\/v2\/product_cat?post=11401"},{"taxonomy":"product_tag","embeddable":true,"href":"https:\/\/www3.blomqvistplantskola.com\/fi\/wp-json\/wp\/v2\/product_tag?post=11401"}],"curies":[{"name":"wp","href":"https:\/\/api.w.org\/{rel}","templated":true}]}}