{"id":11441,"date":"2026-04-10T14:57:15","date_gmt":"2026-04-10T12:57:15","guid":{"rendered":"https:\/\/www3.blomqvistplantskola.com\/?post_type=product&#038;p=11441"},"modified":"2026-04-22T09:42:07","modified_gmt":"2026-04-22T07:42:07","slug":"rabarberrheum-frambozen-3","status":"publish","type":"product","link":"https:\/\/www3.blomqvistplantskola.com\/fi\/product\/rabarberrheum-frambozen-3\/","title":{"rendered":"<b>Raparperi<\/b><br>Rheum `Frambozen\u00b4"},"content":{"rendered":"<p>Paljasjuurinen kevyttaimi, 1-2 silmua.<\/p>","protected":false},"excerpt":{"rendered":"<p><span style=\"font-family: Arial, serif;\"><span style=\"font-size: medium;\"><span style=\"font-family: arial, helvetica, sans-serif;\">Vanha lajike, jota my\u00f6s mansikka-, munkki- ja viiniraparperiksi kutsutaan. Keskiaikainen lajike, joka kasvattaa suuria, punertavia varsia, joissa ihana maku ja tuoksu. Maussa h\u00e4iv\u00e4hdys mansikan, vadelman ja ruusun aromia - t\u00e4st\u00e4 nimi mansikkaraparperi. My\u00f6s ammattiviljelij\u00f6iden k\u00e4ytt\u00e4m\u00e4. Lajiketta kutsutaan joskus my\u00f6s nimell\u00e4 'Rasberry Red'.<\/span><\/span><\/span><\/p>\n<p><strong>Vy\u00f6hyke: <\/strong>FI 1-4. SE 1-5.<br \/>\n<strong>Korkeus: <\/strong>0,8 &#8211; 1 m<\/p>\n<p>&nbsp;<\/p>\n<p><span style=\"font-family: Arial, serif;\"><span style=\"font-size: medium;\">\u00a0<\/span><\/span><\/p>","protected":false},"featured_media":0,"template":"","meta":[],"product_brand":[],"product_cat":[249],"product_tag":[],"class_list":{"0":"post-11441","1":"product","2":"type-product","3":"status-publish","5":"product_cat-koksvaxter","6":"product_shipping_class-postpaket","8":"first","9":"outofstock","10":"taxable","11":"shipping-taxable","12":"purchasable","13":"product-type-simple"},"_links":{"self":[{"href":"https:\/\/www3.blomqvistplantskola.com\/fi\/wp-json\/wp\/v2\/product\/11441","targetHints":{"allow":["GET"]}}],"collection":[{"href":"https:\/\/www3.blomqvistplantskola.com\/fi\/wp-json\/wp\/v2\/product"}],"about":[{"href":"https:\/\/www3.blomqvistplantskola.com\/fi\/wp-json\/wp\/v2\/types\/product"}],"wp:attachment":[{"href":"https:\/\/www3.blomqvistplantskola.com\/fi\/wp-json\/wp\/v2\/media?parent=11441"}],"wp:term":[{"taxonomy":"product_brand","embeddable":true,"href":"https:\/\/www3.blomqvistplantskola.com\/fi\/wp-json\/wp\/v2\/product_brand?post=11441"},{"taxonomy":"product_cat","embeddable":true,"href":"https:\/\/www3.blomqvistplantskola.com\/fi\/wp-json\/wp\/v2\/product_cat?post=11441"},{"taxonomy":"product_tag","embeddable":true,"href":"https:\/\/www3.blomqvistplantskola.com\/fi\/wp-json\/wp\/v2\/product_tag?post=11441"}],"curies":[{"name":"wp","href":"https:\/\/api.w.org\/{rel}","templated":true}]}}