{"id":11517,"date":"2026-04-16T10:23:33","date_gmt":"2026-04-16T08:23:33","guid":{"rendered":"https:\/\/www3.blomqvistplantskola.com\/?post_type=product&#038;p=11517"},"modified":"2026-04-16T11:17:48","modified_gmt":"2026-04-16T09:17:48","slug":"vita-vinbar-ribes-rubrum-lepaan-valkea","status":"publish","type":"product","link":"https:\/\/www3.blomqvistplantskola.com\/fi\/product\/vita-vinbar-ribes-rubrum-lepaan-valkea\/","title":{"rendered":"<b>Valkoherukka <\/b><br>Ribes rubrum `Lepaan valkea\u00b4"},"content":{"rendered":"<p>Kevyttaimi 13 cm:n ruukussa.<\/p>","protected":false},"excerpt":{"rendered":"<p>Finl\u00e4ndsk vitvinb\u00e4rssort med FinE status. En ganska ny sort som \u00e4r s\u00f6tare \u00e4n flera andra vita vinb\u00e4r och endast med lite vinsyrlighet. Mognar under augusti och \u00e4r extra goda direkt fr\u00e5n busken. En uppr\u00e4ttv\u00e4xande och mera sm\u00e5v\u00e4xt vinb\u00e4rssort.<\/p>\n<p><strong>Vy\u00f6hyke: <\/strong>FI 1-5. SE 1-6\/7.<br \/>\n<strong>Korkeus: <\/strong>1-1,4 m<\/p>","protected":false},"featured_media":11518,"template":"","meta":[],"product_brand":[],"product_cat":[248],"product_tag":[],"class_list":{"0":"post-11517","1":"product","2":"type-product","3":"status-publish","4":"has-post-thumbnail","6":"product_cat-barvaxter","7":"product_shipping_class-postpaket","9":"first","10":"instock","11":"taxable","12":"shipping-taxable","13":"purchasable","14":"product-type-simple"},"_links":{"self":[{"href":"https:\/\/www3.blomqvistplantskola.com\/fi\/wp-json\/wp\/v2\/product\/11517","targetHints":{"allow":["GET"]}}],"collection":[{"href":"https:\/\/www3.blomqvistplantskola.com\/fi\/wp-json\/wp\/v2\/product"}],"about":[{"href":"https:\/\/www3.blomqvistplantskola.com\/fi\/wp-json\/wp\/v2\/types\/product"}],"wp:featuredmedia":[{"embeddable":true,"href":"https:\/\/www3.blomqvistplantskola.com\/fi\/wp-json\/wp\/v2\/media\/11518"}],"wp:attachment":[{"href":"https:\/\/www3.blomqvistplantskola.com\/fi\/wp-json\/wp\/v2\/media?parent=11517"}],"wp:term":[{"taxonomy":"product_brand","embeddable":true,"href":"https:\/\/www3.blomqvistplantskola.com\/fi\/wp-json\/wp\/v2\/product_brand?post=11517"},{"taxonomy":"product_cat","embeddable":true,"href":"https:\/\/www3.blomqvistplantskola.com\/fi\/wp-json\/wp\/v2\/product_cat?post=11517"},{"taxonomy":"product_tag","embeddable":true,"href":"https:\/\/www3.blomqvistplantskola.com\/fi\/wp-json\/wp\/v2\/product_tag?post=11517"}],"curies":[{"name":"wp","href":"https:\/\/api.w.org\/{rel}","templated":true}]}}