{"id":11604,"date":"2026-04-22T07:58:40","date_gmt":"2026-04-22T05:58:40","guid":{"rendered":"https:\/\/www3.blomqvistplantskola.com\/?post_type=product&#038;p=11604"},"modified":"2026-04-22T08:02:38","modified_gmt":"2026-04-22T06:02:38","slug":"dvarghallon-rubus-idaeus-little-sweet-sister","status":"publish","type":"product","link":"https:\/\/www3.blomqvistplantskola.com\/fi\/product\/dvarghallon-rubus-idaeus-little-sweet-sister\/","title":{"rendered":"<b>Dv\u00e4rghallon <\/b><br>Rubus idaeus `Little Sweet Sister\u00b4"},"content":{"rendered":"<p>Taimi 2 litran ruukussa.<\/p>","protected":false},"excerpt":{"rendered":"<p>Ny l\u00e5gv\u00e4xande, kompakt sort som passar bra att odlas i kruka eller fast som l\u00e5g h\u00e4ck i nyttotr\u00e4dg\u00e5rden. Stora, m\u00f6rkr\u00f6da b\u00e4r som \u00e4r mycket s\u00f6ta och goda. Ger sk\u00f6rd p\u00e5 tv\u00e5-\u00e5riga grenar som vanliga hallon. Ypperligt allts\u00e5 \u00e4ven f\u00f6r den som vill odla p\u00e5 balkong eller har liten tr\u00e4dg\u00e5rd. Beh\u00f6ver ej st\u00f6das. En omtyckt ny sort.<\/p>\n<p><strong>Vy\u00f6hyke: <\/strong>FI 1-3. SE 1-4(5).<br \/>\n<strong>Korkeus:<\/strong> 0,8 &#8211; 1 m<\/p>","protected":false},"featured_media":0,"template":"","meta":[],"product_brand":[],"product_cat":[248],"product_tag":[],"class_list":{"0":"post-11604","1":"product","2":"type-product","3":"status-publish","5":"product_cat-barvaxter","6":"product_shipping_class-postpaket","8":"first","9":"instock","10":"taxable","11":"shipping-taxable","12":"purchasable","13":"product-type-simple"},"_links":{"self":[{"href":"https:\/\/www3.blomqvistplantskola.com\/fi\/wp-json\/wp\/v2\/product\/11604","targetHints":{"allow":["GET"]}}],"collection":[{"href":"https:\/\/www3.blomqvistplantskola.com\/fi\/wp-json\/wp\/v2\/product"}],"about":[{"href":"https:\/\/www3.blomqvistplantskola.com\/fi\/wp-json\/wp\/v2\/types\/product"}],"wp:attachment":[{"href":"https:\/\/www3.blomqvistplantskola.com\/fi\/wp-json\/wp\/v2\/media?parent=11604"}],"wp:term":[{"taxonomy":"product_brand","embeddable":true,"href":"https:\/\/www3.blomqvistplantskola.com\/fi\/wp-json\/wp\/v2\/product_brand?post=11604"},{"taxonomy":"product_cat","embeddable":true,"href":"https:\/\/www3.blomqvistplantskola.com\/fi\/wp-json\/wp\/v2\/product_cat?post=11604"},{"taxonomy":"product_tag","embeddable":true,"href":"https:\/\/www3.blomqvistplantskola.com\/fi\/wp-json\/wp\/v2\/product_tag?post=11604"}],"curies":[{"name":"wp","href":"https:\/\/api.w.org\/{rel}","templated":true}]}}