{"id":11631,"date":"2026-04-23T14:30:58","date_gmt":"2026-04-23T12:30:58","guid":{"rendered":"https:\/\/www3.blomqvistplantskola.com\/?post_type=product&#038;p=11631"},"modified":"2026-04-23T14:36:01","modified_gmt":"2026-04-23T12:36:01","slug":"blabarstrypaket-honungsbarlonicera-c-kam-blue-banana-honeybee-boreal-beauty-boreal-blizzard","status":"publish","type":"product","link":"https:\/\/www3.blomqvistplantskola.com\/fi\/product\/blabarstrypaket-honungsbarlonicera-c-kam-blue-banana-honeybee-boreal-beauty-boreal-blizzard\/","title":{"rendered":"<b>MARJASINIKUUSAMAPAKETTI - Hunajamarja<\/b><br>Lonicera c. kam. Blue Banana, Honeybee, Boreal Beauty, Boreal Blizzard<br>"},"content":{"rendered":"<p><strong>Boreal Blizzard.<\/strong> Uusi kanadalainen lajike, joka sek\u00e4 kukkii ett\u00e4 kypsyy my\u00f6hemmin, kuin \"tavalliset\" sinimarjakuusamat. Huolimatta siit\u00e4, ett\u00e4 kysess\u00e4 on kanadalainen risteytys, tulevat molemmat vanhemmat Ven\u00e4j\u00e4lt\u00e4.  Boreal Blizzard kuuluu samaan sarjaan, kuin Boreal Beauty ja Boreal Beast, mutta kypsyy hiukan niit\u00e4 aiemmin. Maku on makeanhapan ja marja keskisuuri. Istutetaan yhdess\u00e4 toisen Boreal-lajikkeen tai Auroran kanssa sadon saamiseksi.<\/p>\n<p><strong>Boreal Beauty.<\/strong> Uusi kanadalainen lajike, joka kuuluu samaan sarjaan kuin Boreal Blizzard ja Boreal Beast, jotka niin ik\u00e4\u00e4n tulee istuttaa yhdess\u00e4 p\u00f6lyttymisen varmistamiseksi. My\u00f6s Aurora-lajike soveltuu p\u00f6lytt\u00e4j\u00e4ksi. Boreal lajikkeet kypsyv\u00e4t 2-3 viikkoa my\u00f6hemmin kuin \"tavalliset\" sinimarjakuusamat. Marjat ovat suuria, makeita ja niiss\u00e4 on vain v\u00e4h\u00e4n viinihapokkuutta. Marjat ovat todella suuria, 2,7-3,7g. Marjan kuori on paksuhko, joten s\u00e4ilytett\u00e4vyys on hyv\u00e4. Eritt\u00e4in pidetty makutesteiss\u00e4.<\/p>\n<p><strong>Blue Banana <\/strong>Ny sort fr\u00e5n Kanada som \u00e4r speciellt bra f\u00f6r sj\u00e4lvplock och ett riktigt h\u00e4rligt dessertb\u00e4r. Sorten \u00e4r medeltidig och b\u00e4ren \u00e4r l\u00e5nga och stora, samt n\u00e4stan helt utan syrlighet. Sockerhalten \u00e4r ca 14%. D\u00e4rf\u00f6r kan det k\u00e4nnas som om den \u00e4r s\u00f6taste sorten trots att det finns sorter med h\u00f6gre sockerhalt. B\u00e4ren \u00e4r fasta och k\u00f6ttiga och faller inte av busken i f\u00f6rtid. Rikb\u00e4rande sort som kan ge upptill 10 liter per buske.<\/p>\n<p><strong>Honeybee <\/strong>Kanadalainen lajike, jolla on sylinterin muotoiset, makeanhappamat, mehukkaat ja herkulliset marjat. Eiv\u00e4t putoa pensaasta, vaan pysyv\u00e4t kiinni kunnes kuivuvat. Satoisa, 4-5 kg\/pensas. Kypsyy kes\u00e4kuun puoliv\u00e4liss\u00e4. Hyvin pidetty makutesteiss\u00e4. Ei itsep\u00f6lyttyv\u00e4, istutetaan toisen lajikkeen kanssa sadon saamiseksi.<\/p>\n<p>Kaikki valikoimamme lajikkeet ovat eritt\u00e4in kest\u00e4vi\u00e4 ja selvi\u00e4v\u00e4t <strong>vy\u00f6hykkeill\u00e4 FI 1-6 (Ruotsi 1-7).<\/strong><br \/>\nSuuntaa-antava kuva monen lajikkeen paketista.<\/p>","protected":false},"excerpt":{"rendered":"<p><span style=\"font-family: Arial, serif;\"><span style=\"font-size: medium;\">Uusia makeita lajikkeita vailla kitker\u00e4\u00e4 j\u00e4lkimakua, soveltuvat yhdess\u00e4 istutettavaksi.<br \/>\n4 omtyckta sorter med olika mognadstid<br \/>\n3-vuotiaita taimia 2 litran ruukussa.<br \/>\n<strong>1 kpl `Boreal Beauty\u00b4<\/strong><br \/>\n<strong>1 kpl `Boreal Blizzard<\/strong>\u00b4<br \/>\n<strong>1 kpl `Honeybee\u00b4<br \/>\n1 st `Blue Banana\u00b4<\/strong><\/span><\/span><\/p>","protected":false},"featured_media":4812,"template":"","meta":[],"product_brand":[],"product_cat":[248,312],"product_tag":[],"class_list":{"0":"post-11631","1":"product","2":"type-product","3":"status-publish","4":"has-post-thumbnail","6":"product_cat-barvaxter","7":"product_cat-paketerbjudanden","8":"product_shipping_class-postpaket","10":"first","11":"instock","12":"sale","13":"taxable","14":"shipping-taxable","15":"purchasable","16":"product-type-simple"},"_links":{"self":[{"href":"https:\/\/www3.blomqvistplantskola.com\/fi\/wp-json\/wp\/v2\/product\/11631","targetHints":{"allow":["GET"]}}],"collection":[{"href":"https:\/\/www3.blomqvistplantskola.com\/fi\/wp-json\/wp\/v2\/product"}],"about":[{"href":"https:\/\/www3.blomqvistplantskola.com\/fi\/wp-json\/wp\/v2\/types\/product"}],"wp:featuredmedia":[{"embeddable":true,"href":"https:\/\/www3.blomqvistplantskola.com\/fi\/wp-json\/wp\/v2\/media\/4812"}],"wp:attachment":[{"href":"https:\/\/www3.blomqvistplantskola.com\/fi\/wp-json\/wp\/v2\/media?parent=11631"}],"wp:term":[{"taxonomy":"product_brand","embeddable":true,"href":"https:\/\/www3.blomqvistplantskola.com\/fi\/wp-json\/wp\/v2\/product_brand?post=11631"},{"taxonomy":"product_cat","embeddable":true,"href":"https:\/\/www3.blomqvistplantskola.com\/fi\/wp-json\/wp\/v2\/product_cat?post=11631"},{"taxonomy":"product_tag","embeddable":true,"href":"https:\/\/www3.blomqvistplantskola.com\/fi\/wp-json\/wp\/v2\/product_tag?post=11631"}],"curies":[{"name":"wp","href":"https:\/\/api.w.org\/{rel}","templated":true}]}}