{"id":3952,"date":"2022-02-21T15:27:27","date_gmt":"2022-02-21T13:27:27","guid":{"rendered":"https:\/\/www3.blomqvistplantskola.com\/?post_type=product&#038;p=3952"},"modified":"2026-04-24T11:21:23","modified_gmt":"2026-04-24T09:21:23","slug":"antonovka-frogrundstam-5-s6-7-7-mm","status":"publish","type":"product","link":"https:\/\/www3.blomqvistplantskola.com\/fi\/product\/antonovka-frogrundstam-5-s6-7-7-mm\/","title":{"rendered":"<b>\u00c4ppel grundstam 5 st (6-7mm)<\/b><br>Malus domestica `Antonovka fr\u00f6grundstam\u00b4"},"content":{"rendered":"<p>F\u00e4rdigt klippta stammar f\u00f6r ympning p\u00e5 ca 10 cm l\u00e4ngd.<br \/>\nKaikki perusrunkomme ovat sertifioituja ja taatusti vapaita Erwiniasta (Tulipolte).<br \/>\n5 kpl \/ paketti<\/p>","protected":false},"excerpt":{"rendered":"<p>- Voimakaskasvuinen omenan perusrunko<br \/>\n- Uskotaan olevan talvenkest\u00e4vin omenan perusrunko Suomessa<br \/>\n- Suurikasvuinen, pitk\u00e4ik\u00e4inen puu<br \/>\n- Alkaa tuottaa satoa my\u00f6hemmin kuin k\u00e4\u00e4pi\u00f6runkoihin vartetut lajikkeet<br \/>\n- Tuottaa hyvin suhteessa puun kokoon.<br \/>\n- Hyv\u00e4 juuristo ja maakontakti<br \/>\n- Taimisto suosittelee. Perusrunko, jota k\u00e4yt\u00e4mme laajalti<br \/>\n- Leveys 10-12 m riippuen lajikkeesta ja paikasta<br \/>\n&#8211; FI zon 1-5\/6. SE zon 6\/7<\/p>","protected":false},"featured_media":3953,"template":"","meta":[],"product_brand":[],"product_cat":[250],"product_tag":[],"class_list":{"0":"post-3952","1":"product","2":"type-product","3":"status-publish","4":"has-post-thumbnail","6":"product_cat-grundstammar","7":"product_shipping_class-postpaket","9":"first","10":"outofstock","11":"taxable","12":"shipping-taxable","13":"purchasable","14":"product-type-simple"},"_links":{"self":[{"href":"https:\/\/www3.blomqvistplantskola.com\/fi\/wp-json\/wp\/v2\/product\/3952","targetHints":{"allow":["GET"]}}],"collection":[{"href":"https:\/\/www3.blomqvistplantskola.com\/fi\/wp-json\/wp\/v2\/product"}],"about":[{"href":"https:\/\/www3.blomqvistplantskola.com\/fi\/wp-json\/wp\/v2\/types\/product"}],"wp:featuredmedia":[{"embeddable":true,"href":"https:\/\/www3.blomqvistplantskola.com\/fi\/wp-json\/wp\/v2\/media\/3953"}],"wp:attachment":[{"href":"https:\/\/www3.blomqvistplantskola.com\/fi\/wp-json\/wp\/v2\/media?parent=3952"}],"wp:term":[{"taxonomy":"product_brand","embeddable":true,"href":"https:\/\/www3.blomqvistplantskola.com\/fi\/wp-json\/wp\/v2\/product_brand?post=3952"},{"taxonomy":"product_cat","embeddable":true,"href":"https:\/\/www3.blomqvistplantskola.com\/fi\/wp-json\/wp\/v2\/product_cat?post=3952"},{"taxonomy":"product_tag","embeddable":true,"href":"https:\/\/www3.blomqvistplantskola.com\/fi\/wp-json\/wp\/v2\/product_tag?post=3952"}],"curies":[{"name":"wp","href":"https:\/\/api.w.org\/{rel}","templated":true}]}}