{"id":3964,"date":"2022-02-21T15:51:12","date_gmt":"2022-02-21T13:51:12","guid":{"rendered":"https:\/\/www3.blomqvistplantskola.com\/?post_type=product&#038;p=3964"},"modified":"2026-04-21T08:16:43","modified_gmt":"2026-04-21T06:16:43","slug":"ymptejp-aglis-rulle","status":"publish","type":"product","link":"https:\/\/www3.blomqvistplantskola.com\/fi\/product\/ymptejp-aglis-rulle\/","title":{"rendered":"<b>Varttamisteippi Aglis (rulla)<\/b>"},"content":{"rendered":"<p>30x70, 850 palaa\/rulla<\/p>","protected":false},"excerpt":{"rendered":"<p><strong>Elastisella varttamisteipill\u00e4<\/strong> on useita etuja<br \/>\n- Helposti k\u00e4sitelt\u00e4v\u00e4 ja sallii korjaukset varttamisvaiheessa<br \/>\n-l\u00e4pin\u00e4kyv\u00e4, jolloin varttamisvaiheessa pystyy n\u00e4kem\u00e4\u00e4n, ett\u00e4 kontaktipinnat ovat oikeilla paikoilla vastakkain<br \/>\n- Venyy 8-kertaisesti pituutensa<br \/>\n- Kiinnittyy vasta venytettyn\u00e4<br \/>\n- Ei tarvitse poistaa, irtoaa itsest\u00e4\u00e4n auringonvalon vaikutuksesta<br \/>\n- Soveltuu jopa silmutukseen<span style=\"font-size: 12pt;\"><br \/>\n<\/span><\/p>","protected":false},"featured_media":3965,"template":"","meta":[],"product_brand":[],"product_cat":[258,252],"product_tag":[],"class_list":{"0":"post-3964","1":"product","2":"type-product","3":"status-publish","4":"has-post-thumbnail","6":"product_cat-tillbehor","7":"product_cat-ymptillbehor","8":"product_shipping_class-postpaket","10":"first","11":"instock","12":"taxable","13":"shipping-taxable","14":"purchasable","15":"product-type-simple"},"_links":{"self":[{"href":"https:\/\/www3.blomqvistplantskola.com\/fi\/wp-json\/wp\/v2\/product\/3964","targetHints":{"allow":["GET"]}}],"collection":[{"href":"https:\/\/www3.blomqvistplantskola.com\/fi\/wp-json\/wp\/v2\/product"}],"about":[{"href":"https:\/\/www3.blomqvistplantskola.com\/fi\/wp-json\/wp\/v2\/types\/product"}],"wp:featuredmedia":[{"embeddable":true,"href":"https:\/\/www3.blomqvistplantskola.com\/fi\/wp-json\/wp\/v2\/media\/3965"}],"wp:attachment":[{"href":"https:\/\/www3.blomqvistplantskola.com\/fi\/wp-json\/wp\/v2\/media?parent=3964"}],"wp:term":[{"taxonomy":"product_brand","embeddable":true,"href":"https:\/\/www3.blomqvistplantskola.com\/fi\/wp-json\/wp\/v2\/product_brand?post=3964"},{"taxonomy":"product_cat","embeddable":true,"href":"https:\/\/www3.blomqvistplantskola.com\/fi\/wp-json\/wp\/v2\/product_cat?post=3964"},{"taxonomy":"product_tag","embeddable":true,"href":"https:\/\/www3.blomqvistplantskola.com\/fi\/wp-json\/wp\/v2\/product_tag?post=3964"}],"curies":[{"name":"wp","href":"https:\/\/api.w.org\/{rel}","templated":true}]}}