{"id":4040,"date":"2022-02-21T17:17:08","date_gmt":"2022-02-21T15:17:08","guid":{"rendered":"https:\/\/www3.blomqvistplantskola.com\/?post_type=product&#038;p=4040"},"modified":"2026-04-24T11:14:44","modified_gmt":"2026-04-24T09:14:44","slug":"vara-tradgardsbar","status":"publish","type":"product","link":"https:\/\/www3.blomqvistplantskola.com\/fi\/product\/vara-tradgardsbar\/","title":{"rendered":"<b>V\u00e5ra tr\u00e4dg\u00e5rdsb\u00e4r<\/b>"},"content":{"rendered":"<p>978-952-67340-4-0<\/p>","protected":false},"excerpt":{"rendered":"<p><span style=\"font-size: 16px;\"><strong>Leif Blomqvist bok *V\u00e5ra tr\u00e4dg\u00e5rdsb\u00e4r* utkommen i Mars 2020.<br \/>\n<\/strong>Vad vore en sommar utan alla h\u00e4rliga b\u00e4r i tr\u00e4dg\u00e5rden? Att kunna g\u00e5 i den egna tr\u00e4dg\u00e5rden f\u00f6r att v\u00e4lja och provsmaka bland alla solmogna b\u00e4r, det \u00e4r en form av vardagslyx som borde vara alla f\u00f6runnad.<\/span><\/p>\n<p><strong>264 sidor. Inbunden med h\u00e5rda p\u00e4rmar. \u00d6ver 300 f\u00e4rgbilder.<br \/>\n<\/strong>Leif Blomqvist vill med den h\u00e4r boken entusiasmera dig att b\u00f6rja med b\u00e4rodling samt l\u00e4ra dig hur du lyckas med detta. Boken presenterar ett stort antal b\u00e4rsorter som g\u00e5r att odla i Finland och Sverige. Odlingsbeskrivningarna \u00e4r ing\u00e5ende men \u00e4nd\u00e5 l\u00e4ttfattliga, s\u00e5 att var och en utan specialkunskaper kan ta del av odlingsr\u00e5den. <strong>Leif Blomqvist<\/strong> plantskolem\u00e4stare och f\u00f6rfattare fr\u00e5n Finland ger med boken. <em><strong>V\u00e5ra tr\u00e4dg\u00e5rdsb\u00e4r &#8211;<\/strong>fr\u00e5n jord till bord <\/em>ut sin femte tr\u00e4dg\u00e5rdsbok. Alla tidigare b\u00f6cker har blivit f\u00f6rs\u00e4ljningssucc\u00e9er i Finland, Sverige och p\u00e5 Island, och s\u00e5lt i stora upplagor. Leif har i hela sitt verksamma liv p\u00e5 olika s\u00e4tt jobbat med b\u00e4r och frukt.<\/p>","protected":false},"featured_media":4041,"template":"","meta":[],"product_brand":[],"product_cat":[257],"product_tag":[],"class_list":{"0":"post-4040","1":"product","2":"type-product","3":"status-publish","4":"has-post-thumbnail","6":"product_cat-bocker","7":"product_shipping_class-postpaket","9":"first","10":"instock","11":"taxable","12":"shipping-taxable","13":"purchasable","14":"product-type-simple"},"_links":{"self":[{"href":"https:\/\/www3.blomqvistplantskola.com\/fi\/wp-json\/wp\/v2\/product\/4040","targetHints":{"allow":["GET"]}}],"collection":[{"href":"https:\/\/www3.blomqvistplantskola.com\/fi\/wp-json\/wp\/v2\/product"}],"about":[{"href":"https:\/\/www3.blomqvistplantskola.com\/fi\/wp-json\/wp\/v2\/types\/product"}],"wp:featuredmedia":[{"embeddable":true,"href":"https:\/\/www3.blomqvistplantskola.com\/fi\/wp-json\/wp\/v2\/media\/4041"}],"wp:attachment":[{"href":"https:\/\/www3.blomqvistplantskola.com\/fi\/wp-json\/wp\/v2\/media?parent=4040"}],"wp:term":[{"taxonomy":"product_brand","embeddable":true,"href":"https:\/\/www3.blomqvistplantskola.com\/fi\/wp-json\/wp\/v2\/product_brand?post=4040"},{"taxonomy":"product_cat","embeddable":true,"href":"https:\/\/www3.blomqvistplantskola.com\/fi\/wp-json\/wp\/v2\/product_cat?post=4040"},{"taxonomy":"product_tag","embeddable":true,"href":"https:\/\/www3.blomqvistplantskola.com\/fi\/wp-json\/wp\/v2\/product_tag?post=4040"}],"curies":[{"name":"wp","href":"https:\/\/api.w.org\/{rel}","templated":true}]}}