{"id":4653,"date":"2025-03-10T20:01:47","date_gmt":"2025-03-10T18:01:47","guid":{"rendered":"https:\/\/www3.blomqvistplantskola.com\/?post_type=product&#038;p=4653"},"modified":"2026-04-19T12:04:44","modified_gmt":"2026-04-19T10:04:44","slug":"jordgubbsplantor-certifierade-fjolarets-succe","status":"publish","type":"product","link":"https:\/\/www3.blomqvistplantskola.com\/fi\/product\/jordgubbsplantor-certifierade-fjolarets-succe\/","title":{"rendered":"<b>Mansikka Polka 20kpl<\/b><br>Fragaria  x  ananassa ` Polka\u00b4"},"content":{"rendered":"<p>T\u00e4ll\u00e4 hetkell\u00e4 eniten viljelty mansikkalajike Suomessa. Kauniit, kirkkaanpunaiset marjat, joissa pidetty maku. Marjat soveltuvat my\u00f6s pakastukseen ja hilloihin. On ollut vastustuskykyinen harmaahometta vastaan ja selvinnyt talvista hyvin jopa meill\u00e4 Pohjanmaalla. Jumbotaimet antavat yleens\u00e4 sadon 60-65 p\u00e4iv\u00e4n kuluttua istutuksesta.<\/p>\n<p><strong>HOITO:<\/strong><br \/>\nPaljasjuuriset taimet istutetaan tavalliseen tapaan suoraan maahan, tai ne voi halutessaan istuttaa ruukkuun ennen sit\u00e4.<br \/>\nTaimia voi pit\u00e4\u00e4 odottamassa lopullista istutusta kosteaan turpeeseen tilap\u00e4isesti istutettuna nolla-asteisessa kellarissa, varastossa,  kylmi\u00f6ss\u00e4 tai lumen alla. Mansikantaimia voi jopa s\u00e4ilytt\u00e4\u00e4 jonkin aikaa j\u00e4\u00e4kaapissa kosteaa turvetta juurten ymp\u00e4rill\u00e4. Istutetaan niin pian kuin mahdollista kauden pident\u00e4miseksi. Lehtilannoitusta voidaan t\u00e4lle lajikkeelle suositella noin kuukausi istutuksen j\u00e4lkeen kloroosin\/kalvetustaudin ehk\u00e4isemiseksi.<\/p>\n<p>&nbsp;<\/p>","protected":false},"excerpt":{"rendered":"<p><span style=\"font-family: Arial, serif;\"><span style=\"font-size: medium;\">Suuria, paljasjuurisia jumbotaimia, jotka antavat hyv\u00e4n sadon jo samana kes\u00e4n\u00e4.<br \/>\nSuosituin lajike suomalaisissa puutarhoissa.<br \/>\n<\/span><\/span><span style=\"font-family: Arial, serif;\"><span style=\"font-size: medium;\">N\u00e4m\u00e4 taimet antavat yleens\u00e4 sadon n. 60-65 p\u00e4iv\u00e4\u00e4 istutuksen j\u00e4lkeen.<\/span><\/span><strong><span style=\"font-family: Arial, serif;\"><span style=\"font-size: medium;\"><br \/>\n<\/span><\/span><span style=\"font-family: Arial, serif;\"><span style=\"font-size: medium;\">20 st `Polka\u00b4<\/span><\/span><\/strong><\/p>\n<p><span style=\"font-family: Arial, serif;\"><span style=\"font-size: medium;\">\u00a0<\/span><\/span><\/p>","protected":false},"featured_media":4882,"template":"","meta":[],"product_brand":[],"product_cat":[248,312],"product_tag":[],"class_list":{"0":"post-4653","1":"product","2":"type-product","3":"status-publish","4":"has-post-thumbnail","6":"product_cat-barvaxter","7":"product_cat-paketerbjudanden","8":"product_shipping_class-postpaket","10":"first","11":"outofstock","12":"taxable","13":"shipping-taxable","14":"purchasable","15":"product-type-simple"},"_links":{"self":[{"href":"https:\/\/www3.blomqvistplantskola.com\/fi\/wp-json\/wp\/v2\/product\/4653","targetHints":{"allow":["GET"]}}],"collection":[{"href":"https:\/\/www3.blomqvistplantskola.com\/fi\/wp-json\/wp\/v2\/product"}],"about":[{"href":"https:\/\/www3.blomqvistplantskola.com\/fi\/wp-json\/wp\/v2\/types\/product"}],"wp:featuredmedia":[{"embeddable":true,"href":"https:\/\/www3.blomqvistplantskola.com\/fi\/wp-json\/wp\/v2\/media\/4882"}],"wp:attachment":[{"href":"https:\/\/www3.blomqvistplantskola.com\/fi\/wp-json\/wp\/v2\/media?parent=4653"}],"wp:term":[{"taxonomy":"product_brand","embeddable":true,"href":"https:\/\/www3.blomqvistplantskola.com\/fi\/wp-json\/wp\/v2\/product_brand?post=4653"},{"taxonomy":"product_cat","embeddable":true,"href":"https:\/\/www3.blomqvistplantskola.com\/fi\/wp-json\/wp\/v2\/product_cat?post=4653"},{"taxonomy":"product_tag","embeddable":true,"href":"https:\/\/www3.blomqvistplantskola.com\/fi\/wp-json\/wp\/v2\/product_tag?post=4653"}],"curies":[{"name":"wp","href":"https:\/\/api.w.org\/{rel}","templated":true}]}}