{"id":5021,"date":"2026-03-13T13:46:50","date_gmt":"2026-03-13T11:46:50","guid":{"rendered":"https:\/\/www3.blomqvistplantskola.com\/?post_type=product&#038;p=5021"},"modified":"2026-04-05T13:15:33","modified_gmt":"2026-04-05T11:15:33","slug":"arbat-pelarapple-i-iiimalus-domestica","status":"publish","type":"product","link":"https:\/\/www3.blomqvistplantskola.com\/fi\/product\/arbat-pelarapple-i-iiimalus-domestica\/","title":{"rendered":"<b>Arbat pilariomenapuu<\/b>(piiskataimi)<br>Malus domestica"},"content":{"rendered":"<p>Sp\u00f6\/ungplanta av frukttr\u00e4d i 4 liters plantp\u00e5se. Sp\u00f6na \u00e4r 50+ cm h\u00f6jd.<\/p>\n<p>Perusrunko: Malus domestica 'Antonovka' siemenperusrunko<\/p>","protected":false},"excerpt":{"rendered":"<p>Kapea, pilarinmuotoinen omenapuu, josta tulee noin 100-150cm leve\u00e4 ja 3-5 m korkea. Hedelm\u00e4t ovat keskikokoisia, makeanhappamia ja ne kypsyv\u00e4t syys-lokakuussa. Voidaan varastoida helmikuun lopulle. Tulee aikaisin satoik\u00e4\u00e4n. Oksia ei yleens\u00e4 tarvitse karsia.<\/p>\n<p><strong>Vy\u00f6hyke: <\/strong>FI 1-2\/3. SE 1-3\/4.<br \/>\n<strong>Tyyppi: <\/strong>Syksy- \/ talvilajike<\/p>","protected":false},"featured_media":5022,"template":"","meta":[],"product_brand":[],"product_cat":[240],"product_tag":[],"class_list":{"0":"post-5021","1":"product","2":"type-product","3":"status-publish","4":"has-post-thumbnail","6":"product_cat-appeltrad","7":"product_shipping_class-postpaket","9":"first","10":"instock","11":"taxable","12":"shipping-taxable","13":"purchasable","14":"product-type-simple"},"_links":{"self":[{"href":"https:\/\/www3.blomqvistplantskola.com\/fi\/wp-json\/wp\/v2\/product\/5021","targetHints":{"allow":["GET"]}}],"collection":[{"href":"https:\/\/www3.blomqvistplantskola.com\/fi\/wp-json\/wp\/v2\/product"}],"about":[{"href":"https:\/\/www3.blomqvistplantskola.com\/fi\/wp-json\/wp\/v2\/types\/product"}],"wp:featuredmedia":[{"embeddable":true,"href":"https:\/\/www3.blomqvistplantskola.com\/fi\/wp-json\/wp\/v2\/media\/5022"}],"wp:attachment":[{"href":"https:\/\/www3.blomqvistplantskola.com\/fi\/wp-json\/wp\/v2\/media?parent=5021"}],"wp:term":[{"taxonomy":"product_brand","embeddable":true,"href":"https:\/\/www3.blomqvistplantskola.com\/fi\/wp-json\/wp\/v2\/product_brand?post=5021"},{"taxonomy":"product_cat","embeddable":true,"href":"https:\/\/www3.blomqvistplantskola.com\/fi\/wp-json\/wp\/v2\/product_cat?post=5021"},{"taxonomy":"product_tag","embeddable":true,"href":"https:\/\/www3.blomqvistplantskola.com\/fi\/wp-json\/wp\/v2\/product_tag?post=5021"}],"curies":[{"name":"wp","href":"https:\/\/api.w.org\/{rel}","templated":true}]}}