{"id":5084,"date":"2026-03-13T14:19:12","date_gmt":"2026-03-13T12:19:12","guid":{"rendered":"https:\/\/www3.blomqvistplantskola.com\/?post_type=product&#038;p=5084"},"modified":"2026-04-28T07:28:25","modified_gmt":"2026-04-28T05:28:25","slug":"pamjat-zhegalova-i-ivpyrus-communis","status":"publish","type":"product","link":"https:\/\/www3.blomqvistplantskola.com\/fi\/product\/pamjat-zhegalova-i-ivpyrus-communis\/","title":{"rendered":"<b>Pamjat Zhegalova<\/b>(piiskataimi)<br>Pyrus communis"},"content":{"rendered":"","protected":false},"excerpt":{"rendered":"<p>Erinomaisesti rupea kest\u00e4v\u00e4 lajike. Sato alkaa aikaisin ja on s\u00e4\u00e4nn\u00f6llinen. Hedelm\u00e4 on 120\u2013130 g, pinta sile\u00e4 ja vahainen. Malto kellert\u00e4v\u00e4\u00e4, mehukasta ja pehme\u00e4\u00e4. Maku makeanhappoista, aromaattista ja miellytt\u00e4v\u00e4\u00e4. Hedelm\u00e4t s\u00e4ilyv\u00e4t n. 2\u20133 kuukautta. Risteytysjaloste Moskovan Timirjazovin akatemiasta (Olga x Lesnaja Krasavitsa).<\/p>\n<p><strong>Zon: FI 1-4. SE 1-5(6)<\/p>\n<p><\/strong><\/p>","protected":false},"featured_media":5259,"template":"","meta":[],"product_brand":[],"product_cat":[241],"product_tag":[],"class_list":{"0":"post-5084","1":"product","2":"type-product","3":"status-publish","4":"has-post-thumbnail","6":"product_cat-parontrad","7":"product_shipping_class-postpaket","9":"first","10":"instock","11":"taxable","12":"shipping-taxable","13":"purchasable","14":"product-type-simple"},"_links":{"self":[{"href":"https:\/\/www3.blomqvistplantskola.com\/fi\/wp-json\/wp\/v2\/product\/5084","targetHints":{"allow":["GET"]}}],"collection":[{"href":"https:\/\/www3.blomqvistplantskola.com\/fi\/wp-json\/wp\/v2\/product"}],"about":[{"href":"https:\/\/www3.blomqvistplantskola.com\/fi\/wp-json\/wp\/v2\/types\/product"}],"wp:featuredmedia":[{"embeddable":true,"href":"https:\/\/www3.blomqvistplantskola.com\/fi\/wp-json\/wp\/v2\/media\/5259"}],"wp:attachment":[{"href":"https:\/\/www3.blomqvistplantskola.com\/fi\/wp-json\/wp\/v2\/media?parent=5084"}],"wp:term":[{"taxonomy":"product_brand","embeddable":true,"href":"https:\/\/www3.blomqvistplantskola.com\/fi\/wp-json\/wp\/v2\/product_brand?post=5084"},{"taxonomy":"product_cat","embeddable":true,"href":"https:\/\/www3.blomqvistplantskola.com\/fi\/wp-json\/wp\/v2\/product_cat?post=5084"},{"taxonomy":"product_tag","embeddable":true,"href":"https:\/\/www3.blomqvistplantskola.com\/fi\/wp-json\/wp\/v2\/product_tag?post=5084"}],"curies":[{"name":"wp","href":"https:\/\/api.w.org\/{rel}","templated":true}]}}