{"id":5130,"date":"2024-12-17T23:02:53","date_gmt":"2024-12-17T21:02:53","guid":{"rendered":"https:\/\/www3.blomqvistplantskola.com\/?post_type=product&#038;p=5130"},"modified":"2026-04-21T08:16:43","modified_gmt":"2026-04-21T06:16:43","slug":"korsbars-grundstam-5-st-7-9-mmprunus-avium-alkavo-copy","status":"publish","type":"product","link":"https:\/\/www3.blomqvistplantskola.com\/fi\/product\/korsbars-grundstam-5-st-7-9-mmprunus-avium-alkavo-copy\/","title":{"rendered":"<b>Nime\u00e4misetiketit 15 kpl \/ A4<\/b>"},"content":{"rendered":"<p class=\"translation-block\">Nime\u00e4misetiketti 210 x 19 mm.<br>\nPaksuus 135 micr. Muovitettua paperia.<br>\n1 kpl A4 arkki sis\u00e4lt\u00e4\u00e4 15 etiketti\u00e4.<\/p>","protected":false},"excerpt":{"rendered":"<p>Nime\u00e4misetiketeill\u00e4 on n\u00e4pp\u00e4r\u00e4 merkit\u00e4 kasvit.<br \/>\nEtikettiin on suositeltavaa kirjoittaa lyijykyn\u00e4ll\u00e4 tai vedenkest\u00e4v\u00e4ll\u00e4 tussilla.<br \/>\nTaimiston suosikki etiketit.<\/p>","protected":false},"featured_media":6356,"template":"","meta":[],"product_brand":[],"product_cat":[258,252],"product_tag":[],"class_list":{"0":"post-5130","1":"product","2":"type-product","3":"status-publish","4":"has-post-thumbnail","6":"product_cat-tillbehor","7":"product_cat-ymptillbehor","8":"product_shipping_class-postpaket","10":"first","11":"instock","12":"taxable","13":"shipping-taxable","14":"purchasable","15":"product-type-simple"},"_links":{"self":[{"href":"https:\/\/www3.blomqvistplantskola.com\/fi\/wp-json\/wp\/v2\/product\/5130","targetHints":{"allow":["GET"]}}],"collection":[{"href":"https:\/\/www3.blomqvistplantskola.com\/fi\/wp-json\/wp\/v2\/product"}],"about":[{"href":"https:\/\/www3.blomqvistplantskola.com\/fi\/wp-json\/wp\/v2\/types\/product"}],"wp:featuredmedia":[{"embeddable":true,"href":"https:\/\/www3.blomqvistplantskola.com\/fi\/wp-json\/wp\/v2\/media\/6356"}],"wp:attachment":[{"href":"https:\/\/www3.blomqvistplantskola.com\/fi\/wp-json\/wp\/v2\/media?parent=5130"}],"wp:term":[{"taxonomy":"product_brand","embeddable":true,"href":"https:\/\/www3.blomqvistplantskola.com\/fi\/wp-json\/wp\/v2\/product_brand?post=5130"},{"taxonomy":"product_cat","embeddable":true,"href":"https:\/\/www3.blomqvistplantskola.com\/fi\/wp-json\/wp\/v2\/product_cat?post=5130"},{"taxonomy":"product_tag","embeddable":true,"href":"https:\/\/www3.blomqvistplantskola.com\/fi\/wp-json\/wp\/v2\/product_tag?post=5130"}],"curies":[{"name":"wp","href":"https:\/\/api.w.org\/{rel}","templated":true}]}}