{"id":5933,"date":"2024-12-17T23:02:53","date_gmt":"2024-12-17T21:02:53","guid":{"rendered":"https:\/\/www3.blomqvistplantskola.com\/?post_type=product&#038;p=5933"},"modified":"2026-03-24T08:52:10","modified_gmt":"2026-03-24T06:52:10","slug":"sekator-meybest-60-2","status":"publish","type":"product","link":"https:\/\/www3.blomqvistplantskola.com\/fi\/product\/sekator-meybest-60-2\/","title":{"rendered":"<b>Sekat\u00f6\u00f6ri MeyBest M60<\/b>"},"content":{"rendered":"<p>Kromattu ter\u00e4 SK3-ter\u00e4st\u00e4.<br \/>\nPituus: 20 cm<br \/>\nPaino: 230 g<\/p>","protected":false},"excerpt":{"rendered":"<p>K\u00e4tev\u00e4 ja kevyt sekat\u00f6\u00f6ri, vain 230 g.<br \/>\nHelppo k\u00e4ytt\u00e4\u00e4 ja ty\u00f6skennell\u00e4 ahtaammissakin paikoissa.<br \/>\nErgonominen, sopii pienempiinkin k\u00e4siin.<br \/>\nKromattu ter\u00e4 SK3-ter\u00e4st\u00e4.<br \/>\nTaimiston suosikki.<\/p>","protected":false},"featured_media":5860,"template":"","meta":[],"product_brand":[],"product_cat":[258,252],"product_tag":[],"class_list":{"0":"post-5933","1":"product","2":"type-product","3":"status-publish","4":"has-post-thumbnail","6":"product_cat-tillbehor","7":"product_cat-ymptillbehor","8":"product_shipping_class-postpaket","10":"first","11":"instock","12":"taxable","13":"shipping-taxable","14":"purchasable","15":"product-type-simple"},"_links":{"self":[{"href":"https:\/\/www3.blomqvistplantskola.com\/fi\/wp-json\/wp\/v2\/product\/5933","targetHints":{"allow":["GET"]}}],"collection":[{"href":"https:\/\/www3.blomqvistplantskola.com\/fi\/wp-json\/wp\/v2\/product"}],"about":[{"href":"https:\/\/www3.blomqvistplantskola.com\/fi\/wp-json\/wp\/v2\/types\/product"}],"wp:featuredmedia":[{"embeddable":true,"href":"https:\/\/www3.blomqvistplantskola.com\/fi\/wp-json\/wp\/v2\/media\/5860"}],"wp:attachment":[{"href":"https:\/\/www3.blomqvistplantskola.com\/fi\/wp-json\/wp\/v2\/media?parent=5933"}],"wp:term":[{"taxonomy":"product_brand","embeddable":true,"href":"https:\/\/www3.blomqvistplantskola.com\/fi\/wp-json\/wp\/v2\/product_brand?post=5933"},{"taxonomy":"product_cat","embeddable":true,"href":"https:\/\/www3.blomqvistplantskola.com\/fi\/wp-json\/wp\/v2\/product_cat?post=5933"},{"taxonomy":"product_tag","embeddable":true,"href":"https:\/\/www3.blomqvistplantskola.com\/fi\/wp-json\/wp\/v2\/product_tag?post=5933"}],"curies":[{"name":"wp","href":"https:\/\/api.w.org\/{rel}","templated":true}]}}