{"id":5935,"date":"2023-11-17T16:36:10","date_gmt":"2023-11-17T14:36:10","guid":{"rendered":"https:\/\/www3.blomqvistplantskola.com\/?post_type=product&#038;p=5935"},"modified":"2026-04-03T16:13:47","modified_gmt":"2026-04-03T14:13:47","slug":"ympningskniv-meybest","status":"publish","type":"product","link":"https:\/\/www3.blomqvistplantskola.com\/fi\/product\/ympningskniv-meybest\/","title":{"rendered":"<b>Varttamis- \/ silmutusveitsi MeyBest<\/b>"},"content":{"rendered":"","protected":false},"excerpt":{"rendered":"<p>Hyv\u00e4laatuinen varttamisveitsi, jossa sis\u00e4\u00e4ntaittuva ter\u00e4 ja miellytt\u00e4v\u00e4 puukahva messinkiniitein.<br \/>\nSopii sinulle, joka vartata, silmutat s\u00e4\u00e4nn\u00f6llisemmin kuin harrasteviljelij\u00e4, mutta et ammattimaisesti.<br \/>\nVoi teroittaa.<br \/>\nHyv\u00e4 uutuus keskiluokan varttamisveitsist\u00e4.<span style=\"font-size: 16px;\"><br \/>\n<\/span><\/p>","protected":false},"featured_media":5862,"template":"","meta":[],"product_brand":[],"product_cat":[258,252],"product_tag":[],"class_list":{"0":"post-5935","1":"product","2":"type-product","3":"status-publish","4":"has-post-thumbnail","6":"product_cat-tillbehor","7":"product_cat-ymptillbehor","8":"product_shipping_class-postpaket","10":"first","11":"instock","12":"taxable","13":"shipping-taxable","14":"purchasable","15":"product-type-simple"},"_links":{"self":[{"href":"https:\/\/www3.blomqvistplantskola.com\/fi\/wp-json\/wp\/v2\/product\/5935","targetHints":{"allow":["GET"]}}],"collection":[{"href":"https:\/\/www3.blomqvistplantskola.com\/fi\/wp-json\/wp\/v2\/product"}],"about":[{"href":"https:\/\/www3.blomqvistplantskola.com\/fi\/wp-json\/wp\/v2\/types\/product"}],"wp:featuredmedia":[{"embeddable":true,"href":"https:\/\/www3.blomqvistplantskola.com\/fi\/wp-json\/wp\/v2\/media\/5862"}],"wp:attachment":[{"href":"https:\/\/www3.blomqvistplantskola.com\/fi\/wp-json\/wp\/v2\/media?parent=5935"}],"wp:term":[{"taxonomy":"product_brand","embeddable":true,"href":"https:\/\/www3.blomqvistplantskola.com\/fi\/wp-json\/wp\/v2\/product_brand?post=5935"},{"taxonomy":"product_cat","embeddable":true,"href":"https:\/\/www3.blomqvistplantskola.com\/fi\/wp-json\/wp\/v2\/product_cat?post=5935"},{"taxonomy":"product_tag","embeddable":true,"href":"https:\/\/www3.blomqvistplantskola.com\/fi\/wp-json\/wp\/v2\/product_tag?post=5935"}],"curies":[{"name":"wp","href":"https:\/\/api.w.org\/{rel}","templated":true}]}}