{"id":5937,"date":"2023-11-17T16:42:25","date_gmt":"2023-11-17T14:42:25","guid":{"rendered":"https:\/\/www3.blomqvistplantskola.com\/?post_type=product&#038;p=5937"},"modified":"2026-03-19T13:18:59","modified_gmt":"2026-03-19T11:18:59","slug":"ympningskniv-tina","status":"publish","type":"product","link":"https:\/\/www3.blomqvistplantskola.com\/fi\/product\/ympningskniv-tina\/","title":{"rendered":"<b>Varttamisveitsi TINA 605 oikeak\u00e4tinen<\/b>"},"content":{"rendered":"","protected":false},"excerpt":{"rendered":"<p><span style=\"font-size: 16px;\">Eritt\u00e4in korkealaatuinen varttamisveitsi, sis\u00e4\u00e4ntaittuva ter\u00e4 55 mm.<br \/>\nVeitsi ammattilaisille ja s\u00e4\u00e4nn\u00f6llisesti varttaville<br \/>\nHiottu kahva saksanp\u00e4hkin\u00e4\u00e4, 11cm.<br \/>\nK\u00e4ytet\u00e4\u00e4n my\u00f6s silmuttamisessa<br \/>\nOikeak\u00e4tisille leve\u00e4ll\u00e4 ter\u00e4ll\u00e4<br \/>\n<\/span><\/p>","protected":false},"featured_media":0,"template":"","meta":[],"product_brand":[],"product_cat":[252],"product_tag":[],"class_list":{"0":"post-5937","1":"product","2":"type-product","3":"status-publish","5":"product_cat-ymptillbehor","7":"first","8":"outofstock","9":"taxable","10":"shipping-taxable","11":"purchasable","12":"product-type-simple"},"_links":{"self":[{"href":"https:\/\/www3.blomqvistplantskola.com\/fi\/wp-json\/wp\/v2\/product\/5937","targetHints":{"allow":["GET"]}}],"collection":[{"href":"https:\/\/www3.blomqvistplantskola.com\/fi\/wp-json\/wp\/v2\/product"}],"about":[{"href":"https:\/\/www3.blomqvistplantskola.com\/fi\/wp-json\/wp\/v2\/types\/product"}],"wp:attachment":[{"href":"https:\/\/www3.blomqvistplantskola.com\/fi\/wp-json\/wp\/v2\/media?parent=5937"}],"wp:term":[{"taxonomy":"product_brand","embeddable":true,"href":"https:\/\/www3.blomqvistplantskola.com\/fi\/wp-json\/wp\/v2\/product_brand?post=5937"},{"taxonomy":"product_cat","embeddable":true,"href":"https:\/\/www3.blomqvistplantskola.com\/fi\/wp-json\/wp\/v2\/product_cat?post=5937"},{"taxonomy":"product_tag","embeddable":true,"href":"https:\/\/www3.blomqvistplantskola.com\/fi\/wp-json\/wp\/v2\/product_tag?post=5937"}],"curies":[{"name":"wp","href":"https:\/\/api.w.org\/{rel}","templated":true}]}}