{"id":5941,"date":"2023-11-17T16:53:00","date_gmt":"2023-11-17T14:53:00","guid":{"rendered":"https:\/\/www3.blomqvistplantskola.com\/?post_type=product&#038;p=5941"},"modified":"2026-03-19T13:18:53","modified_gmt":"2026-03-19T11:18:53","slug":"ympningskniv-tina-4","status":"publish","type":"product","link":"https:\/\/www3.blomqvistplantskola.com\/fi\/product\/ympningskniv-tina-4\/","title":{"rendered":"<b>Varttamisveitsi TINA 606 oikeak\u00e4tinen<\/b>"},"content":{"rendered":"","protected":false},"excerpt":{"rendered":"<p><span style=\"font-size: 16px;\">Eritt\u00e4in korkealaatuinen varttamisveitsi, sis\u00e4\u00e4ntaittuva ter\u00e4 55 mm.<br \/>\nHiottu kahva saksanp\u00e4hkin\u00e4\u00e4, 11cm.<br \/>\n<\/span><span style=\"font-size: 16px;\">Veitsi ammattilaisille ja s\u00e4\u00e4nn\u00f6llisesti varttaville<br \/>\nK\u00e4ytet\u00e4\u00e4n my\u00f6s silmuttamisessa<br \/>\nOikeak\u00e4tisille kapealla ter\u00e4ll\u00e4<br \/>\n<\/span><\/p>","protected":false},"featured_media":6457,"template":"","meta":[],"product_brand":[],"product_cat":[252],"product_tag":[],"class_list":{"0":"post-5941","1":"product","2":"type-product","3":"status-publish","4":"has-post-thumbnail","6":"product_cat-ymptillbehor","8":"first","9":"outofstock","10":"taxable","11":"shipping-taxable","12":"purchasable","13":"product-type-simple"},"_links":{"self":[{"href":"https:\/\/www3.blomqvistplantskola.com\/fi\/wp-json\/wp\/v2\/product\/5941","targetHints":{"allow":["GET"]}}],"collection":[{"href":"https:\/\/www3.blomqvistplantskola.com\/fi\/wp-json\/wp\/v2\/product"}],"about":[{"href":"https:\/\/www3.blomqvistplantskola.com\/fi\/wp-json\/wp\/v2\/types\/product"}],"wp:featuredmedia":[{"embeddable":true,"href":"https:\/\/www3.blomqvistplantskola.com\/fi\/wp-json\/wp\/v2\/media\/6457"}],"wp:attachment":[{"href":"https:\/\/www3.blomqvistplantskola.com\/fi\/wp-json\/wp\/v2\/media?parent=5941"}],"wp:term":[{"taxonomy":"product_brand","embeddable":true,"href":"https:\/\/www3.blomqvistplantskola.com\/fi\/wp-json\/wp\/v2\/product_brand?post=5941"},{"taxonomy":"product_cat","embeddable":true,"href":"https:\/\/www3.blomqvistplantskola.com\/fi\/wp-json\/wp\/v2\/product_cat?post=5941"},{"taxonomy":"product_tag","embeddable":true,"href":"https:\/\/www3.blomqvistplantskola.com\/fi\/wp-json\/wp\/v2\/product_tag?post=5941"}],"curies":[{"name":"wp","href":"https:\/\/api.w.org\/{rel}","templated":true}]}}