{"id":5942,"date":"2023-11-17T17:01:46","date_gmt":"2023-11-17T15:01:46","guid":{"rendered":"https:\/\/www3.blomqvistplantskola.com\/?post_type=product&#038;p=5942"},"modified":"2026-03-19T13:18:47","modified_gmt":"2026-03-19T11:18:47","slug":"ympningstejp-maxifilm-rulle","status":"publish","type":"product","link":"https:\/\/www3.blomqvistplantskola.com\/fi\/product\/ympningstejp-maxifilm-rulle\/","title":{"rendered":"<b>Varttamisteippi MEDIfilm (rulla)<\/b>"},"content":{"rendered":"<p>30 x 70 mm, 500 palaa \/ rulla (suojapaperi palojen v\u00e4liss\u00e4)<\/p>","protected":false},"excerpt":{"rendered":"<p><span style=\"font-size: 12pt;\"><b>Elastisella varttamisteipill\u00e4<\/b> on useita etuja<br \/>\n- Helposti k\u00e4sitelt\u00e4v\u00e4 ja sallii korjaukset varttamisvaiheessa<br \/>\n-l\u00e4pin\u00e4kyv\u00e4, jolloin varttamisvaiheessa pystyy n\u00e4kem\u00e4\u00e4n, ett\u00e4 kontaktipinnat ovat oikeilla paikoilla vastakkain<br \/>\n- Venyy 8-kertaisesti pituutensa<br \/>\n- Tarttuu vasta venyess\u00e4\u00e4n<br \/>\n- Ei tarvitse poistaa, irtoaa itsest\u00e4\u00e4n auringonvalon vaikutuksesta<br \/>\n- Soveltuu jopa silmutukseen<\/span><\/p>","protected":false},"featured_media":5858,"template":"","meta":[],"product_brand":[],"product_cat":[252],"product_tag":[],"class_list":{"0":"post-5942","1":"product","2":"type-product","3":"status-publish","4":"has-post-thumbnail","6":"product_cat-ymptillbehor","8":"first","9":"outofstock","10":"taxable","11":"shipping-taxable","12":"purchasable","13":"product-type-simple"},"_links":{"self":[{"href":"https:\/\/www3.blomqvistplantskola.com\/fi\/wp-json\/wp\/v2\/product\/5942","targetHints":{"allow":["GET"]}}],"collection":[{"href":"https:\/\/www3.blomqvistplantskola.com\/fi\/wp-json\/wp\/v2\/product"}],"about":[{"href":"https:\/\/www3.blomqvistplantskola.com\/fi\/wp-json\/wp\/v2\/types\/product"}],"wp:featuredmedia":[{"embeddable":true,"href":"https:\/\/www3.blomqvistplantskola.com\/fi\/wp-json\/wp\/v2\/media\/5858"}],"wp:attachment":[{"href":"https:\/\/www3.blomqvistplantskola.com\/fi\/wp-json\/wp\/v2\/media?parent=5942"}],"wp:term":[{"taxonomy":"product_brand","embeddable":true,"href":"https:\/\/www3.blomqvistplantskola.com\/fi\/wp-json\/wp\/v2\/product_brand?post=5942"},{"taxonomy":"product_cat","embeddable":true,"href":"https:\/\/www3.blomqvistplantskola.com\/fi\/wp-json\/wp\/v2\/product_cat?post=5942"},{"taxonomy":"product_tag","embeddable":true,"href":"https:\/\/www3.blomqvistplantskola.com\/fi\/wp-json\/wp\/v2\/product_tag?post=5942"}],"curies":[{"name":"wp","href":"https:\/\/api.w.org\/{rel}","templated":true}]}}