{"id":5944,"date":"2023-11-17T17:07:52","date_gmt":"2023-11-17T15:07:52","guid":{"rendered":"https:\/\/www3.blomqvistplantskola.com\/?post_type=product&#038;p=5944"},"modified":"2026-03-19T13:18:40","modified_gmt":"2026-03-19T11:18:40","slug":"ympningstejp-maxifilm-rulle-2","status":"publish","type":"product","link":"https:\/\/www3.blomqvistplantskola.com\/fi\/product\/ympningstejp-maxifilm-rulle-2\/","title":{"rendered":"<b>Varttamisteippi MAXIfilm (rulla)<\/b>"},"content":{"rendered":"<p>32 x 90 mm, 770 palaa\/rulla<\/p>","protected":false},"excerpt":{"rendered":"<p class=\"translation-block\"><span style=\"font-size: 12pt\"><b>Elastisella varttamisteipill\u00e4<\/b> on monia etuja.<br>\n\u2013 Helposti k\u00e4sitelt\u00e4v\u00e4 ja mahdollistaa korjaukset varttamisvaiheessa<br>\n\u2013L\u00e4pin\u00e4kyv\u00e4, jolloin varttamisvaiheessa pystyy n\u00e4kem\u00e4\u00e4n, ett\u00e4 kontaktipinnat ovat oikeilla paikoilla vastakkain<br>\n\u2013 Venyy 8- kertaisesti pituutensa<br>\n\u2013 Kiinnittyy vasta joustaessaan<br>\n\u2013 Ei tarvitse poistaa, irtoaa itsest\u00e4\u00e4n auringonvalon vaikutuksesta<br>\n\u2013 Soveltuu jopa silmutukseen<br>\n<\/span>Edullinen, hyv\u00e4 vaihtoehto.<\/p>","protected":false},"featured_media":5857,"template":"","meta":[],"product_brand":[],"product_cat":[252],"product_tag":[],"class_list":{"0":"post-5944","1":"product","2":"type-product","3":"status-publish","4":"has-post-thumbnail","6":"product_cat-ymptillbehor","8":"first","9":"outofstock","10":"taxable","11":"shipping-taxable","12":"purchasable","13":"product-type-simple"},"_links":{"self":[{"href":"https:\/\/www3.blomqvistplantskola.com\/fi\/wp-json\/wp\/v2\/product\/5944","targetHints":{"allow":["GET"]}}],"collection":[{"href":"https:\/\/www3.blomqvistplantskola.com\/fi\/wp-json\/wp\/v2\/product"}],"about":[{"href":"https:\/\/www3.blomqvistplantskola.com\/fi\/wp-json\/wp\/v2\/types\/product"}],"wp:featuredmedia":[{"embeddable":true,"href":"https:\/\/www3.blomqvistplantskola.com\/fi\/wp-json\/wp\/v2\/media\/5857"}],"wp:attachment":[{"href":"https:\/\/www3.blomqvistplantskola.com\/fi\/wp-json\/wp\/v2\/media?parent=5944"}],"wp:term":[{"taxonomy":"product_brand","embeddable":true,"href":"https:\/\/www3.blomqvistplantskola.com\/fi\/wp-json\/wp\/v2\/product_brand?post=5944"},{"taxonomy":"product_cat","embeddable":true,"href":"https:\/\/www3.blomqvistplantskola.com\/fi\/wp-json\/wp\/v2\/product_cat?post=5944"},{"taxonomy":"product_tag","embeddable":true,"href":"https:\/\/www3.blomqvistplantskola.com\/fi\/wp-json\/wp\/v2\/product_tag?post=5944"}],"curies":[{"name":"wp","href":"https:\/\/api.w.org\/{rel}","templated":true}]}}