{"id":5945,"date":"2023-11-17T17:15:08","date_gmt":"2023-11-17T15:15:08","guid":{"rendered":"https:\/\/www3.blomqvistplantskola.com\/?post_type=product&#038;p=5945"},"modified":"2026-04-19T09:29:59","modified_gmt":"2026-04-19T07:29:59","slug":"ympningsset","status":"publish","type":"product","link":"https:\/\/www3.blomqvistplantskola.com\/fi\/product\/ympningsset\/","title":{"rendered":"<b>Varttamissetti pieni<\/b>"},"content":{"rendered":"<p>Varttamissetti pieni<\/p>","protected":false},"excerpt":{"rendered":"<p>Sis\u00e4lt\u00e4\u00e4 kaiken tarpeellisen varttamisen aloittamista varten.<\/p>\n<p>Sis\u00e4lt\u00f6:<\/p>\n<p>-varttamisveitsi Victornox<\/p>\n<p>-varttamisteippi Aglis 30 palaa<\/p>\n<p>-haavavoide 150g<\/p>\n<p>-nime\u00e4misetiketit 2 arkkia (30kpl)<\/p>\n<p>-tiivistetyt varttamisohjeet<\/p>","protected":false},"featured_media":9021,"template":"","meta":[],"product_brand":[],"product_cat":[258,252],"product_tag":[],"class_list":{"0":"post-5945","1":"product","2":"type-product","3":"status-publish","4":"has-post-thumbnail","6":"product_cat-tillbehor","7":"product_cat-ymptillbehor","8":"product_shipping_class-postpaket","10":"first","11":"instock","12":"taxable","13":"shipping-taxable","14":"purchasable","15":"product-type-simple"},"_links":{"self":[{"href":"https:\/\/www3.blomqvistplantskola.com\/fi\/wp-json\/wp\/v2\/product\/5945","targetHints":{"allow":["GET"]}}],"collection":[{"href":"https:\/\/www3.blomqvistplantskola.com\/fi\/wp-json\/wp\/v2\/product"}],"about":[{"href":"https:\/\/www3.blomqvistplantskola.com\/fi\/wp-json\/wp\/v2\/types\/product"}],"wp:featuredmedia":[{"embeddable":true,"href":"https:\/\/www3.blomqvistplantskola.com\/fi\/wp-json\/wp\/v2\/media\/9021"}],"wp:attachment":[{"href":"https:\/\/www3.blomqvistplantskola.com\/fi\/wp-json\/wp\/v2\/media?parent=5945"}],"wp:term":[{"taxonomy":"product_brand","embeddable":true,"href":"https:\/\/www3.blomqvistplantskola.com\/fi\/wp-json\/wp\/v2\/product_brand?post=5945"},{"taxonomy":"product_cat","embeddable":true,"href":"https:\/\/www3.blomqvistplantskola.com\/fi\/wp-json\/wp\/v2\/product_cat?post=5945"},{"taxonomy":"product_tag","embeddable":true,"href":"https:\/\/www3.blomqvistplantskola.com\/fi\/wp-json\/wp\/v2\/product_tag?post=5945"}],"curies":[{"name":"wp","href":"https:\/\/api.w.org\/{rel}","templated":true}]}}