{"id":5954,"date":"2023-11-20T11:55:03","date_gmt":"2023-11-20T09:55:03","guid":{"rendered":"https:\/\/www3.blomqvistplantskola.com\/?post_type=product&#038;p=5954"},"modified":"2026-04-01T06:51:06","modified_gmt":"2026-04-01T04:51:06","slug":"appelgrundstam-5-st-7-10mmmalus-domestica-b9-budakowski-9","status":"publish","type":"product","link":"https:\/\/www3.blomqvistplantskola.com\/fi\/product\/appelgrundstam-5-st-7-10mmmalus-domestica-b9-budakowski-9\/","title":{"rendered":"<b>\u00c4ppel grundstam 5 st (7-9mm)<\/b><br>Malus domestica `B9\u00b4  (`Budakowski 9\u00b4)"},"content":{"rendered":"<p>Kaikki perusrunkomme ovat sertifioituja ja taatusti vapaita Erwiniasta (Tulipolte).<br \/>\n5 kpl \/ paketti<\/p>","protected":false},"excerpt":{"rendered":"<p>- Hillittykasvuinen perusrunko<br \/>\n- Puu, joka tulee satoik\u00e4\u00e4n jo 2-3 vuotta istutuksesta<br \/>\n- Puu kasvaa noin 35% kokoiseksi verrattuna Antonovka siemenperusrunkoon.<br \/>\n- Juuristolla on heikko maakontakti, pienet juuret ja huono imukyky<br \/>\n- Puu tarvitsee tukemista\/sitomista koko elini\u00e4lleen  ja jatkuvaa kastelua<br \/>\n- Hyv\u00e4 vaihtoehto s\u00e4leikk\u00f6\u00f6n ja intensiiviseen kasvatukseen pienell\u00e4 pinta-alalla<br \/>\n- Leveys n. 2-2,5 m riippuen lajikkeesta ja paikasta<br \/>\n-FI zon 1-3\/4. SE zon 1-5.<\/p>","protected":false},"featured_media":0,"template":"","meta":[],"product_brand":[],"product_cat":[250],"product_tag":[],"class_list":{"0":"post-5954","1":"product","2":"type-product","3":"status-publish","5":"product_cat-grundstammar","7":"first","8":"instock","9":"taxable","10":"shipping-taxable","11":"purchasable","12":"product-type-simple"},"_links":{"self":[{"href":"https:\/\/www3.blomqvistplantskola.com\/fi\/wp-json\/wp\/v2\/product\/5954","targetHints":{"allow":["GET"]}}],"collection":[{"href":"https:\/\/www3.blomqvistplantskola.com\/fi\/wp-json\/wp\/v2\/product"}],"about":[{"href":"https:\/\/www3.blomqvistplantskola.com\/fi\/wp-json\/wp\/v2\/types\/product"}],"wp:attachment":[{"href":"https:\/\/www3.blomqvistplantskola.com\/fi\/wp-json\/wp\/v2\/media?parent=5954"}],"wp:term":[{"taxonomy":"product_brand","embeddable":true,"href":"https:\/\/www3.blomqvistplantskola.com\/fi\/wp-json\/wp\/v2\/product_brand?post=5954"},{"taxonomy":"product_cat","embeddable":true,"href":"https:\/\/www3.blomqvistplantskola.com\/fi\/wp-json\/wp\/v2\/product_cat?post=5954"},{"taxonomy":"product_tag","embeddable":true,"href":"https:\/\/www3.blomqvistplantskola.com\/fi\/wp-json\/wp\/v2\/product_tag?post=5954"}],"curies":[{"name":"wp","href":"https:\/\/api.w.org\/{rel}","templated":true}]}}