{"id":6307,"date":"2023-11-24T15:51:11","date_gmt":"2023-11-24T13:51:11","guid":{"rendered":"https:\/\/www3.blomqvistplantskola.com\/?post_type=product&#038;p=6307"},"modified":"2026-04-24T12:47:03","modified_gmt":"2026-04-24T10:47:03","slug":"lonneberga-ymprisprunus-avium","status":"publish","type":"product","link":"https:\/\/www3.blomqvistplantskola.com\/fi\/product\/lonneberga-ymprisprunus-avium\/","title":{"rendered":"<b>L\u00f6nneberga <\/b>(varttamisoksa)<br>Prunus avium"},"content":{"rendered":"<p>1 paketti (=2 oksaa) riitt\u00e4\u00e4 noin 4-6 vartteeseen.<\/p>\n<p><b>Varttamisoksan k\u00e4sittely<\/b><br \/>\nSuosittelemme, ett\u00e4 s\u00e4ilyt\u00e4tte varttamisoksat kosteaan paperiin pakattuina ( ei suljetussa pussissa) j\u00e4\u00e4kaapissa tai vaihtoehtoisesti lumeen kaivettuna, kunnes on varttamisen aika.<br \/>\nEnnen varttamista tee varttamisoksaan uusi leikkauspinta ja anna oksan seisoa vedess\u00e4 muutaman tunnin ajan ennen varttamista hyv\u00e4n nestej\u00e4nnityksen saavuttamiseksi.<\/p>","protected":false},"excerpt":{"rendered":"<p><strong>VARTTAMISOKSAT<\/strong><\/p>\n<p>Makeakirsikka, joka on per\u00e4isin Astrid Lindgrenin Vimmerbyst\u00e4, Smoolannin Vaahteram\u00e4elt\u00e4. Maukas, makeahko, vain miedosti hapan. Voimakkaasti kasvava puu, joka tulee satoik\u00e4\u00e4n melko nopeasti. Tulee istuttaa toisen makeakirsikan kanssa sadon saamiseksi.<\/p>\n<p><strong>Vy\u00f6hyke: <\/strong>FI 1-2\/3. SE 1-4.<br \/>\n<strong>Tyyppi: <\/strong>Kirsikka \/ Makeakirsikka<\/p>","protected":false},"featured_media":6406,"template":"","meta":[],"product_brand":[],"product_cat":[251],"product_tag":[],"class_list":{"0":"post-6307","1":"product","2":"type-product","3":"status-publish","4":"has-post-thumbnail","6":"product_cat-ympris","7":"product_shipping_class-postpaket","9":"first","10":"outofstock","11":"taxable","12":"shipping-taxable","13":"purchasable","14":"product-type-simple"},"_links":{"self":[{"href":"https:\/\/www3.blomqvistplantskola.com\/fi\/wp-json\/wp\/v2\/product\/6307","targetHints":{"allow":["GET"]}}],"collection":[{"href":"https:\/\/www3.blomqvistplantskola.com\/fi\/wp-json\/wp\/v2\/product"}],"about":[{"href":"https:\/\/www3.blomqvistplantskola.com\/fi\/wp-json\/wp\/v2\/types\/product"}],"wp:featuredmedia":[{"embeddable":true,"href":"https:\/\/www3.blomqvistplantskola.com\/fi\/wp-json\/wp\/v2\/media\/6406"}],"wp:attachment":[{"href":"https:\/\/www3.blomqvistplantskola.com\/fi\/wp-json\/wp\/v2\/media?parent=6307"}],"wp:term":[{"taxonomy":"product_brand","embeddable":true,"href":"https:\/\/www3.blomqvistplantskola.com\/fi\/wp-json\/wp\/v2\/product_brand?post=6307"},{"taxonomy":"product_cat","embeddable":true,"href":"https:\/\/www3.blomqvistplantskola.com\/fi\/wp-json\/wp\/v2\/product_cat?post=6307"},{"taxonomy":"product_tag","embeddable":true,"href":"https:\/\/www3.blomqvistplantskola.com\/fi\/wp-json\/wp\/v2\/product_tag?post=6307"}],"curies":[{"name":"wp","href":"https:\/\/api.w.org\/{rel}","templated":true}]}}