{"id":6370,"date":"2023-11-30T08:59:20","date_gmt":"2023-11-30T06:59:20","guid":{"rendered":"https:\/\/www3.blomqvistplantskola.com\/?post_type=product&#038;p=6370"},"modified":"2026-02-25T07:41:24","modified_gmt":"2026-02-25T05:41:24","slug":"hangetiketter-7-st-a4","status":"publish","type":"product","link":"https:\/\/www3.blomqvistplantskola.com\/fi\/product\/hangetiketter-7-st-a4\/","title":{"rendered":"<b>H\u00e4ngetiketter 7 st\/A4<\/b>"},"content":{"rendered":"<p>H\u00e4ngetikett 210 x 38 mm<br \/>\nPaksuus 135 micr. Muovitettu paperi.<br \/>\n1 st A4 ark inneh\u00e5ller 7 h\u00e4ngetiketter.<\/p>","protected":false},"excerpt":{"rendered":"<p>Nime\u00e4misetiketeill\u00e4 on n\u00e4pp\u00e4r\u00e4 merkit\u00e4 kasvit.<br \/>\nEtikettiin on suositeltavaa kirjoittaa lyijykyn\u00e4ll\u00e4 tai vedenkest\u00e4v\u00e4ll\u00e4 tussilla.<br \/>\nBra f\u00f6r v\u00e4xter d\u00e4r man vill ha lite mera info skrivet p\u00e5 etiketten.<\/p>","protected":false},"featured_media":6336,"template":"","meta":[],"product_brand":[],"product_cat":[258,252],"product_tag":[],"class_list":{"0":"post-6370","1":"product","2":"type-product","3":"status-publish","4":"has-post-thumbnail","6":"product_cat-tillbehor","7":"product_cat-ymptillbehor","8":"product_shipping_class-postpaket","10":"first","11":"instock","12":"taxable","13":"shipping-taxable","14":"purchasable","15":"product-type-simple"},"_links":{"self":[{"href":"https:\/\/www3.blomqvistplantskola.com\/fi\/wp-json\/wp\/v2\/product\/6370","targetHints":{"allow":["GET"]}}],"collection":[{"href":"https:\/\/www3.blomqvistplantskola.com\/fi\/wp-json\/wp\/v2\/product"}],"about":[{"href":"https:\/\/www3.blomqvistplantskola.com\/fi\/wp-json\/wp\/v2\/types\/product"}],"wp:featuredmedia":[{"embeddable":true,"href":"https:\/\/www3.blomqvistplantskola.com\/fi\/wp-json\/wp\/v2\/media\/6336"}],"wp:attachment":[{"href":"https:\/\/www3.blomqvistplantskola.com\/fi\/wp-json\/wp\/v2\/media?parent=6370"}],"wp:term":[{"taxonomy":"product_brand","embeddable":true,"href":"https:\/\/www3.blomqvistplantskola.com\/fi\/wp-json\/wp\/v2\/product_brand?post=6370"},{"taxonomy":"product_cat","embeddable":true,"href":"https:\/\/www3.blomqvistplantskola.com\/fi\/wp-json\/wp\/v2\/product_cat?post=6370"},{"taxonomy":"product_tag","embeddable":true,"href":"https:\/\/www3.blomqvistplantskola.com\/fi\/wp-json\/wp\/v2\/product_tag?post=6370"}],"curies":[{"name":"wp","href":"https:\/\/api.w.org\/{rel}","templated":true}]}}