{"id":6390,"date":"2023-11-30T10:30:54","date_gmt":"2023-11-30T08:30:54","guid":{"rendered":"https:\/\/www3.blomqvistplantskola.com\/?post_type=product&#038;p=6390"},"modified":"2026-04-24T11:14:58","modified_gmt":"2026-04-24T09:14:58","slug":"vara-tradgardsbar-kopia","status":"publish","type":"product","link":"https:\/\/www3.blomqvistplantskola.com\/fi\/product\/vara-tradgardsbar-kopia\/","title":{"rendered":"<b>Rosor i norr<\/b>"},"content":{"rendered":"<p>978-952-67340-2-6<\/p>","protected":false},"excerpt":{"rendered":"<p><b><span class=\"NORMAL\">Leif Blomqvist bok <span class=\"EXTRA\">* Rosor i Norr *<\/span>utkommen i Mars 2014.<br \/>\n<\/span><\/b><b><\/b><span class=\"NORMAL\">Rosen har i \u00e5rtusenden varit den mest \u00e4lskade och mytomspunna blomman. Den har i alla tider sk\u00e4nkt m\u00e4nniskan b\u00e5de sk\u00f6nhet, nytta och v\u00e4lbehag. Under \u00e5rhundraden har det korsats fram de mest fantastiska och spektakul\u00e4ra rosor, att f\u00f6rgylla v\u00e5r vardag med.<\/span><\/p>\n<p>Rosor i norr hj\u00e4lper dig att odla dessa sk\u00f6nheter med framg\u00e5ng, \u00e4ven l\u00e5ngt upp i v\u00e4xtzonerna. Boken hj\u00e4lper dig ocks\u00e5 att v\u00e4lja r\u00e4tt sort, l\u00e4mplig f\u00f6r ditt klimat, i djungeln av mer eller mindre vinterh\u00e4rdiga sorter. Den ger korta och handfasta r\u00e5d om plantering, g\u00f6dsling, besk\u00e4rning och \u00f6vervintring av rosor. I boken presenteras, med ord och bild, 134 olika vinterh\u00e4rdiga rosor. <b><br \/>\n<\/b><\/p>","protected":false},"featured_media":5892,"template":"","meta":[],"product_brand":[],"product_cat":[257],"product_tag":[],"class_list":{"0":"post-6390","1":"product","2":"type-product","3":"status-publish","4":"has-post-thumbnail","6":"product_cat-bocker","7":"product_shipping_class-postpaket","9":"first","10":"instock","11":"sale","12":"taxable","13":"shipping-taxable","14":"purchasable","15":"product-type-simple"},"_links":{"self":[{"href":"https:\/\/www3.blomqvistplantskola.com\/fi\/wp-json\/wp\/v2\/product\/6390","targetHints":{"allow":["GET"]}}],"collection":[{"href":"https:\/\/www3.blomqvistplantskola.com\/fi\/wp-json\/wp\/v2\/product"}],"about":[{"href":"https:\/\/www3.blomqvistplantskola.com\/fi\/wp-json\/wp\/v2\/types\/product"}],"wp:featuredmedia":[{"embeddable":true,"href":"https:\/\/www3.blomqvistplantskola.com\/fi\/wp-json\/wp\/v2\/media\/5892"}],"wp:attachment":[{"href":"https:\/\/www3.blomqvistplantskola.com\/fi\/wp-json\/wp\/v2\/media?parent=6390"}],"wp:term":[{"taxonomy":"product_brand","embeddable":true,"href":"https:\/\/www3.blomqvistplantskola.com\/fi\/wp-json\/wp\/v2\/product_brand?post=6390"},{"taxonomy":"product_cat","embeddable":true,"href":"https:\/\/www3.blomqvistplantskola.com\/fi\/wp-json\/wp\/v2\/product_cat?post=6390"},{"taxonomy":"product_tag","embeddable":true,"href":"https:\/\/www3.blomqvistplantskola.com\/fi\/wp-json\/wp\/v2\/product_tag?post=6390"}],"curies":[{"name":"wp","href":"https:\/\/api.w.org\/{rel}","templated":true}]}}