{"id":6445,"date":"2023-11-30T14:33:46","date_gmt":"2023-11-30T12:33:46","guid":{"rendered":"https:\/\/www3.blomqvistplantskola.com\/?post_type=product&#038;p=6445"},"modified":"2026-04-04T10:25:11","modified_gmt":"2026-04-04T08:25:11","slug":"appelprocessor","status":"publish","type":"product","link":"https:\/\/www3.blomqvistplantskola.com\/fi\/product\/appelprocessor\/","title":{"rendered":"<b>\u00c4ppelprocessor<\/b>"},"content":{"rendered":"","protected":false},"excerpt":{"rendered":"<p>K\u00f6kets hj\u00e4lpreda vid \u00e4ppelsk\u00f6rden.<br \/>\nDenna handvevade processor skalar, skivar och k\u00e4rna ur p\u00e5 samma g\u00e5ng.<br \/>\nMan kan v\u00e4lja att inte skala ocks\u00e5 om man \u00f6nskar.<br \/>\nS\u00e4tts fast med sugpropp p\u00e5 bordet.<\/p>\n<p>&nbsp;<\/p>","protected":false},"featured_media":6462,"template":"","meta":[],"product_brand":[],"product_cat":[258],"product_tag":[],"class_list":{"0":"post-6445","1":"product","2":"type-product","3":"status-publish","4":"has-post-thumbnail","6":"product_cat-tillbehor","7":"product_shipping_class-postpaket","9":"first","10":"instock","11":"taxable","12":"shipping-taxable","13":"purchasable","14":"product-type-simple"},"_links":{"self":[{"href":"https:\/\/www3.blomqvistplantskola.com\/fi\/wp-json\/wp\/v2\/product\/6445","targetHints":{"allow":["GET"]}}],"collection":[{"href":"https:\/\/www3.blomqvistplantskola.com\/fi\/wp-json\/wp\/v2\/product"}],"about":[{"href":"https:\/\/www3.blomqvistplantskola.com\/fi\/wp-json\/wp\/v2\/types\/product"}],"wp:featuredmedia":[{"embeddable":true,"href":"https:\/\/www3.blomqvistplantskola.com\/fi\/wp-json\/wp\/v2\/media\/6462"}],"wp:attachment":[{"href":"https:\/\/www3.blomqvistplantskola.com\/fi\/wp-json\/wp\/v2\/media?parent=6445"}],"wp:term":[{"taxonomy":"product_brand","embeddable":true,"href":"https:\/\/www3.blomqvistplantskola.com\/fi\/wp-json\/wp\/v2\/product_brand?post=6445"},{"taxonomy":"product_cat","embeddable":true,"href":"https:\/\/www3.blomqvistplantskola.com\/fi\/wp-json\/wp\/v2\/product_cat?post=6445"},{"taxonomy":"product_tag","embeddable":true,"href":"https:\/\/www3.blomqvistplantskola.com\/fi\/wp-json\/wp\/v2\/product_tag?post=6445"}],"curies":[{"name":"wp","href":"https:\/\/api.w.org\/{rel}","templated":true}]}}